
{"id":1875,"date":"2023-05-27T17:32:35","date_gmt":"2023-05-27T14:32:35","guid":{"rendered":"https:\/\/www.tomrukyapi.com\/cit-diregi\/"},"modified":"2024-03-23T20:31:29","modified_gmt":"2024-03-23T17:31:29","slug":"cit-diregi","status":"publish","type":"page","link":"https:\/\/www.tomrukyapi.com\/en\/cit-diregi\/","title":{"rendered":"\u00c7it Dire\u011fi"},"content":{"rendered":"<div class=\"wpb-content-wrapper\"><p>[vc_row][vc_column css=&#8221;.vc_custom_1682775389081{margin-top: 3em !important;}&#8221;]<div class=\"sc_section sc_section_block \" style=\"margin-top: 6em\"><div class=\"sc_section_inner\"><h6 class=\"sc_section_subtitle sc_item_subtitle\">Nedir?<\/h6><h3 class=\"sc_section_title sc_item_title\">\u00c7it Dire\u011fi<\/h3><div class=\"sc_section_content_wrap\"><div class=\"sc_promo sc_promo_size_large\"><div class=\"sc_promo_inner\"><div class=\"sc_promo_image\" style=\"background-image:url(https:\/\/www.tomrukyapi.com\/wp-content\/uploads\/2023\/05\/Cit-Diregi-Nedir.webp);width:50%;left: 0;\"><\/div><div class=\"sc_promo_block sc_align_left\" style=\"width: 50%; float: right;\"><div class=\"sc_promo_block_inner\"><h2 class=\"sc_promo_title sc_item_title\">\u00c7it dire\u011fi, \u00e7itlerin yatay tahtalar\u0131n\u0131 desteklemek i\u00e7in kullan\u0131lan dikey yap\u0131 eleman\u0131d\u0131r.<\/h2><div class=\"sc_promo_descr sc_item_descr\">Genellikle bah\u00e7elerin, arazilerin, parklar\u0131n, konutlar\u0131n ve di\u011fer bir\u00e7ok alan\u0131n \u00e7evrelerini belirlemek, s\u0131n\u0131rlamak, korumak ve \u00f6zel alanlar\u0131 di\u011ferlerinden ay\u0131rmak i\u00e7in \u00e7itler kurulur. \u00c7it direkleri, bu \u00e7itlerin sa\u011flam ve dik durmas\u0131n\u0131 sa\u011flar. \u00c7it direklerinin genellikle ah\u015fap, metal veya beton gibi dayan\u0131kl\u0131 malzemelerden yap\u0131ld\u0131\u011f\u0131n\u0131 g\u00f6r\u00fcrs\u00fcn\u00fcz. Ah\u015fap \u00e7it direkleri, do\u011fal g\u00f6r\u00fcn\u00fcmleri ve i\u015flenebilirlikleri nedeniyle pop\u00fcler bir se\u00e7imdir. Emprenye, ah\u015fab\u0131 korumak i\u00e7in uygulanan bir i\u015flemdir. Bu i\u015flem, \u00e7\u00fcr\u00fcmeye ve zararl\u0131 b\u00f6ceklere kar\u015f\u0131 direnci art\u0131r\u0131r. Ah\u015fab\u0131n daha uzun s\u00fcre dayanmas\u0131n\u0131 sa\u011flar, b\u00f6ylece direklerin \u00f6mr\u00fcn\u00fc uzat\u0131r.<\/div><\/div><\/div><\/div><\/div><\/div><\/div><\/div>[\/vc_column][\/vc_row][vc_row][vc_column css=&#8221;.vc_custom_1682776174856{margin-top: 6em !important;}&#8221;]<div class=\"sc_section\"><div class=\"sc_section_inner\"><h6 class=\"sc_section_subtitle sc_item_subtitle\">\u00d6nemli<\/h6><h3 class=\"sc_section_title sc_item_title\">\u00d6zellikleri<\/h3><div class=\"sc_section_content_wrap\"><\/div><\/div><\/div>[\/vc_column][\/vc_row][vc_row css=&#8221;.vc_custom_1683539606726{background-color: #b18857 !important;}&#8221;][vc_column width=&#8221;1\/3&#8243;][vc_empty_space height=&#8221;72px&#8221;][vc_column_text]<\/p>\n<div><img loading=\"lazy\" decoding=\"async\" class=\"imgtransform aligncenter\" src=\"\/wp-content\/uploads\/2023\/04\/table6.png\" width=\"80\" height=\"80\" alt=\"\" title=\"\"><\/div>\n<h5 style=\"text-align: center;\">Dayan\u0131kl\u0131l\u0131k:<\/h5>\n<p style=\"text-align: center;\"><span style=\"color: #ffffff;\">Ah\u015fab\u0131n dayan\u0131kl\u0131l\u0131\u011f\u0131n\u0131n yan\u0131 s\u0131ra emprenyelenen \u00fcr\u00fcn\u00fcm\u00fcz her t\u00fcrl\u00fc d\u0131\u015f etkene kar\u015f\u0131 dayan\u0131kl\u0131d\u0131r.<\/span><\/p>\n<p>[\/vc_column_text][vc_empty_space height=&#8221;72px&#8221;][\/vc_column][vc_column width=&#8221;1\/3&#8243;][vc_empty_space height=&#8221;72px&#8221;][vc_column_text]<\/p>\n<div><img loading=\"lazy\" decoding=\"async\" class=\"imgtransform aligncenter\" src=\"\/wp-content\/uploads\/2023\/04\/table5.png\" width=\"80\" height=\"80\" alt=\"\" title=\"\"><\/div>\n<h5 style=\"text-align: center;\">Uygun Fiyat:<\/h5>\n<p style=\"text-align: center;\"><span style=\"color: #ffffff;\">\u00dcr\u00fcnlerimizi fabrikam\u0131zda \u00fcretti\u011fimiz i\u00e7in arac\u0131 maliyetlerini ortadan kald\u0131r\u0131yor ve bu sayede sizlere uygun fiyatl\u0131 \u00fcr\u00fcnler sunuyoruz.<\/span><\/p>\n<p>[\/vc_column_text][vc_empty_space height=&#8221;72px&#8221;][\/vc_column][vc_column width=&#8221;1\/3&#8243;][vc_empty_space height=&#8221;72px&#8221;][vc_column_text]<\/p>\n<div><img loading=\"lazy\" decoding=\"async\" class=\"imgtransform aligncenter\" src=\"\/wp-content\/uploads\/2023\/04\/table4.png\" width=\"80\" height=\"80\" alt=\"\" title=\"\"><\/div>\n<h5 style=\"text-align: center;\">\u00c7evre Dostu:<\/h5>\n<p style=\"text-align: center;\"><span style=\"color: #ffffff;\">Tamamen do\u011fal malzemelerden \u00fcretilen \u00fcr\u00fcnlerimiz \u00e7evre dostudur.<\/span><\/p>\n<p>[\/vc_column_text][vc_empty_space height=&#8221;72px&#8221;][\/vc_column][\/vc_row][vc_row inverse=&#8221;&#8221; css=&#8221;.vc_custom_1683540966215{background-color: #f0eddf !important;}&#8221;][vc_column width=&#8221;1\/3&#8243;][vc_empty_space height=&#8221;72px&#8221;][vc_column_text]<\/p>\n<div><img loading=\"lazy\" decoding=\"async\" class=\"imgtransform aligncenter\" src=\"\/wp-content\/uploads\/2023\/04\/table2.png\" width=\"80\" height=\"80\" alt=\"\" title=\"\"><\/div>\n<h5 style=\"text-align: center;\">Y\u00fcksek Kalite:<\/h5>\n<p style=\"text-align: center;\">\u00dcr\u00fcnlerimiz y\u00fcksek kalite standartlar\u0131na ve alan\u0131nda \u00f6nemli sertifikalara sahiptir.<\/p>\n<p>[\/vc_column_text][vc_empty_space height=&#8221;72px&#8221;][\/vc_column][vc_column width=&#8221;1\/3&#8243;][vc_empty_space height=&#8221;72px&#8221;][vc_column_text]<\/p>\n<div><img loading=\"lazy\" decoding=\"async\" class=\"imgtransform aligncenter\" src=\"\/wp-content\/uploads\/2023\/04\/table3.png\" width=\"80\" height=\"80\" alt=\"\" title=\"\"><\/div>\n<div class=\"box-detail-item ani-item ani-5\">\n<h5 style=\"text-align: center;\">Geni\u015f Boyut Se\u00e7enekleri:<\/h5>\n<p style=\"text-align: center;\"><span style=\"text-align: start;\">\u00c7ok \u00e7e\u015fitli varyasyonlar\u0131 bulunan \u00fcr\u00fcnlerimizi ayn\u0131 zamanda ihtiyac\u0131n\u0131z\u0131 uygun \u015fekilde \u00fcretiyoruz.<\/span><\/p>\n<\/div>\n<p>[\/vc_column_text][vc_empty_space height=&#8221;72px&#8221;][\/vc_column][vc_column width=&#8221;1\/3&#8243;][vc_empty_space height=&#8221;72px&#8221;][vc_column_text]<\/p>\n<div><img loading=\"lazy\" decoding=\"async\" class=\"imgtransform aligncenter\" src=\"\/wp-content\/uploads\/2023\/04\/table1.png\" width=\"80\" height=\"80\" alt=\"\" title=\"\"><\/div>\n<h5 style=\"text-align: center;\">H\u0131zl\u0131 Teslimat:<\/h5>\n<p style=\"text-align: center;\">\u00dcr\u00fcnlerimiz do\u011frudan depodan teslim edilmektedir. Sipari\u015flerinizi en k\u0131sa s\u00fcrede depomuzdan veya kargo\/ambar ile teslim alabilirsiniz.<\/p>\n<p>[\/vc_column_text][vc_empty_space height=&#8221;72px&#8221;][\/vc_column][\/vc_row][vc_row full_width=&#8221;stretch_row_content_no_spaces&#8221; css=&#8221;.vc_custom_1683853514735{margin-top: 8em !important;margin-bottom: 8em !important;}&#8221;][vc_column]<div class=\"sc_parallax\" data-parallax-speed=\"-0.1\" data-parallax-x-pos=\"100%\" data-parallax-y-pos=\"50%\"><div class=\"sc_parallax_content\" style=\"background-image:url(https:\/\/www.tomrukyapi.com\/wp-content\/uploads\/2023\/05\/CitDiregiParallax2.webp); background-position:100% 50%;\"><div class=\"sc_content content_wrap\" data-animation=\"animated fadeInUpBig normal\" style=\"margin-top: 12em; margin-bottom: 11em;\"><h4 class=\"sc_title sc_title_regular sc_align_center\" style=\"text-align:center;color:#e9e4d0;font-size:4.5em;\">Bah\u00e7e veya arazilerinizde kullanabilece\u011finiz ah\u015fap \u00e7it dire\u011fi i\u00e7in bize ula\u015fabilirsiniz!<\/h4><a href=\"\/shop\" class=\"sc_button sc_button_square sc_button_style_filled sc_button_size_medium aligncenter\" style=\"margin-top: 2em;\">Ma\u011faza<\/a><\/div><\/div><\/div>[\/vc_column][\/vc_row][vc_row][vc_column]<div class=\"cq-coverslider  navigation-overlay-left tinyshadow lavender \" data-imagemaxheight=\"300\" data-buttonbackground=\"\" data-buttonhoverbackground=\"#222F46\" data-contentbackground=\"\" data-contentcolor=\"\" data-arrowcolor=\"\" data-arrowhovercolor=\"\" data-delaytime=\"no\"><div class=\"cq-coverslider-area btn-large square\"><div class=\"cq-coverslider-cover\"><div class=\"cq-coverslider-itemcontainer\"><div class=\"cq-coverslider-imageitem\"><img decoding=\"async\" src=\"https:\/\/www.tomrukyapi.com\/wp-content\/uploads\/2023\/05\/Ahsap-Cit-Diregi.webp\" class=\"cq-coverslider-image\" alt=\"\" title=\"\"><\/div><div class=\"cq-coverslider-imageitem\"><img decoding=\"async\" src=\"https:\/\/www.tomrukyapi.com\/wp-content\/uploads\/2023\/05\/Stok-Teslim-Ahsap-Herek.webp\" class=\"cq-coverslider-image\" alt=\"Bir b\u00fcy\u00fck palet i\u00e7inde uzun yuvarlak ah\u015fap herek veya kaz\u0131klar.\" title=\"\"><\/div><div class=\"cq-coverslider-imageitem\"><img decoding=\"async\" src=\"https:\/\/www.tomrukyapi.com\/wp-content\/uploads\/2023\/05\/Kalin-Capli-Ahsap-Herek.webp\" class=\"cq-coverslider-image\" alt=\"Palet halinde sat\u0131\u015fa haz\u0131r bekleyen emprenyeli kal\u0131n \u00e7apl\u0131 ah\u015fap herek\" title=\"\"><\/div><\/div><\/div><div class=\"cq-coverslider-content\"><div class=\"cq-coverslider-contentitem\">\n<h4 class=\"sc_promo_title\" style=\"font-size: 3.5em;\">Neden Ah\u015fap Kullan\u0131lmal\u0131?<\/h4>\n<div class=\"sc_promo_descr sc_item_descr\">Ah\u015fap, <a href=\"https:\/\/www.ahsap.com\/teknik\/neden-ahsap\/\" target=\"_blank\" rel=\"noopener\">do\u011fal ve estetik bir g\u00f6r\u00fcn\u00fcme<\/a> sahip bir malzemedir. Bah\u00e7eler, parklar ve di\u011fer a\u00e7\u0131k alanlarda kullan\u0131lan \u00e7it dire\u011fi ah\u015fap tercih edildi\u011finde bu alanlara uyum sa\u011flar ve \u00e7evreye davetkar bir his verir.<\/div>\n<p><a class=\"sc_button sc_button_square sc_button_style_filled sc_button_size_medium\" href=\"\/shop\">\u00fcr\u00fcnleri incele<\/a><\/div><div class=\"cq-coverslider-contentitem\">\n<h4 class=\"sc_promo_title\" style=\"font-size: 3.5em;\">Neden Ah\u015fap Kullan\u0131lmal\u0131?<\/h4>\n<div class=\"sc_promo_descr sc_item_descr\">Ah\u015fap \u00e7it direkleri, metal veya beton direklere k\u0131yasla daha uygun fiyatl\u0131d\u0131r. Bu, b\u00fcy\u00fck \u00e7it projeleri i\u00e7in \u00f6nemli bir tasarruf sa\u011flayabilir.<\/div>\n<p><a class=\"sc_button sc_button_square sc_button_style_filled sc_button_size_medium\" href=\"\/shop\">\u00fcr\u00fcnleri incele<\/a><\/div><div class=\"cq-coverslider-contentitem\">\n<h4 class=\"sc_promo_title\" style=\"font-size: 3.5em;\">Neden Ah\u015fap Kullan\u0131lmal\u0131?<\/h4>\n<div class=\"sc_promo_descr sc_item_descr\">Ah\u015fap, yenilenebilir bir kaynakt\u0131r. Bu, \u00e7evreye d\u00fc\u015f\u00fck etkisi olan ve s\u00fcrd\u00fcr\u00fclebilir bir se\u00e7im yapmak isteyenler i\u00e7in \u00f6nemli bir avantajd\u0131r.<\/div>\n<p><a class=\"sc_button sc_button_square sc_button_style_filled sc_button_size_medium\" href=\"\/shop\">\u00fcr\u00fcnleri incele<\/a><\/div><\/div><\/div><div class=\"cq-coverslider-navigation btn-large\"><div class=\"coverslider-navigation-prev\"><i class=\"cq-coverslider-icon entypo-icon entypo-icon-left-open-big\"><\/i><\/div><div class=\"coverslider-navigation-next\"><i class=\"cq-coverslider-icon entypo-icon entypo-icon-right-open-big\"><\/i><\/div><\/div><\/div>[\/vc_column][\/vc_row][vc_row][vc_column]<div class=\"sc_section\" style=\"margin-top: 8em;\"><div class=\"sc_section_inner\"><h6 class=\"sc_section_subtitle sc_item_subtitle\">\u00d6nerilen<\/h6><h3 class=\"sc_section_title sc_item_title\">\u00dcr\u00fcnlerimiz<\/h3><div class=\"sc_section_content_wrap\"><div class=\"woocommerce columns-3 \"><ul class=\"products columns-3\">\n<li class=\"product type-product post-1884 status-publish first instock product_cat-herek-en product_tag-ahsap-herek-en product_tag-ahsap-kazik-en product_tag-bag-kazigi-en product_tag-cit-diregi-en product_tag-herek-en product_tag-kazik-en has-post-thumbnail taxable shipping-taxable purchasable product-type-variable\">\n\t<a href=\"https:\/\/www.tomrukyapi.com\/en\/urun\/wooden-stake-pile-10-dia\/\" class=\"woocommerce-LoopProduct-link woocommerce-loop-product__link\"><img loading=\"lazy\" decoding=\"async\" width=\"300\" height=\"250\" src=\"https:\/\/www.tomrukyapi.com\/wp-content\/uploads\/2023\/04\/10-300x250.webp\" class=\"attachment-woocommerce_thumbnail size-woocommerce_thumbnail\" alt=\"10 Diameter Wooden Pile - Stake - Vineyard Pole\" title=\"\"><h2 class=\"woocommerce-loop-product__title\">Wooden Stake &#8211; Pile \/ 10 \u00d8<\/h2>\n\t<span class=\"price\"><span class=\"woocommerce-Price-amount amount\"><bdi>260.00<span class=\"woocommerce-Price-currencySymbol\">&#8378;<\/span><\/bdi><\/span> <small class=\"woocommerce-price-suffix\">+ KDV<\/small><\/span>\n<\/a><a href=\"https:\/\/www.tomrukyapi.com\/en\/urun\/wooden-stake-pile-10-dia\/\" aria-describedby=\"woocommerce_loop_add_to_cart_link_describedby_1884\" data-quantity=\"1\" class=\"button product_type_variable add_to_cart_button\" data-product_id=\"1884\" data-product_sku=\"TYHRK10\" aria-label=\"Select options for &ldquo;Wooden Stake - Pile \/ 10 \u00d8&rdquo;\" rel=\"nofollow\">Select options<\/a>\t<span id=\"woocommerce_loop_add_to_cart_link_describedby_1884\" class=\"screen-reader-text\">\n\t\tThis product has multiple variants. The options may be chosen on the product page\t<\/span>\n<\/li>\n<li class=\"product type-product post-1925 status-publish instock product_cat-herek-en product_tag-ahsap-herek-en product_tag-ahsap-kazik-en product_tag-bag-kazigi-en product_tag-cit-diregi-en product_tag-herek-en product_tag-kazik-en has-post-thumbnail taxable shipping-taxable purchasable product-type-variable\">\n\t<a href=\"https:\/\/www.tomrukyapi.com\/en\/urun\/wooden-stake-pile-6-dia\/\" class=\"woocommerce-LoopProduct-link woocommerce-loop-product__link\"><img loading=\"lazy\" decoding=\"async\" width=\"300\" height=\"250\" src=\"https:\/\/www.tomrukyapi.com\/wp-content\/uploads\/2023\/04\/6-1-300x250.webp\" class=\"attachment-woocommerce_thumbnail size-woocommerce_thumbnail\" alt=\"Pair of two wooden piles or stakes standing on top of each other\" title=\"\"><h2 class=\"woocommerce-loop-product__title\">Wooden Stake &#8211; Pile \/ 6 \u00d8<\/h2>\n\t<span class=\"price\"><span class=\"woocommerce-Price-amount amount\"><bdi>195.00<span class=\"woocommerce-Price-currencySymbol\">&#8378;<\/span><\/bdi><\/span> <small class=\"woocommerce-price-suffix\">+ KDV<\/small><\/span>\n<\/a><a href=\"https:\/\/www.tomrukyapi.com\/en\/urun\/wooden-stake-pile-6-dia\/\" aria-describedby=\"woocommerce_loop_add_to_cart_link_describedby_1925\" data-quantity=\"1\" class=\"button product_type_variable add_to_cart_button\" data-product_id=\"1925\" data-product_sku=\"TYHRK6\" aria-label=\"Select options for &ldquo;Wooden Stake - Pile \/ 6 \u00d8&rdquo;\" rel=\"nofollow\">Select options<\/a>\t<span id=\"woocommerce_loop_add_to_cart_link_describedby_1925\" class=\"screen-reader-text\">\n\t\tThis product has multiple variants. The options may be chosen on the product page\t<\/span>\n<\/li>\n<li class=\"product type-product post-1889 status-publish last instock product_cat-herek-en product_tag-ahsap-herek-en product_tag-ahsap-kazik-en product_tag-bag-kazigi-en product_tag-cit-diregi-en product_tag-herek-en product_tag-kazik-en has-post-thumbnail taxable shipping-taxable purchasable product-type-variable\">\n\t<a href=\"https:\/\/www.tomrukyapi.com\/en\/urun\/wooden-stake-pile-8-dia\/\" class=\"woocommerce-LoopProduct-link woocommerce-loop-product__link\"><img loading=\"lazy\" decoding=\"async\" width=\"300\" height=\"250\" src=\"https:\/\/www.tomrukyapi.com\/wp-content\/uploads\/2023\/04\/8-300x250.webp\" class=\"attachment-woocommerce_thumbnail size-woocommerce_thumbnail\" alt=\"3 wooden stakes bottom to bottom\" title=\"\"><h2 class=\"woocommerce-loop-product__title\">Wooden Stake &#8211; Pile \/ 8 \u00d8<\/h2>\n\t<span class=\"price\"><span class=\"woocommerce-Price-amount amount\"><bdi>140.00<span class=\"woocommerce-Price-currencySymbol\">&#8378;<\/span><\/bdi><\/span> <small class=\"woocommerce-price-suffix\">+ KDV<\/small><\/span>\n<\/a><a href=\"https:\/\/www.tomrukyapi.com\/en\/urun\/wooden-stake-pile-8-dia\/\" aria-describedby=\"woocommerce_loop_add_to_cart_link_describedby_1889\" data-quantity=\"1\" class=\"button product_type_variable add_to_cart_button\" data-product_id=\"1889\" data-product_sku=\"TYHRK8\" aria-label=\"Select options for &ldquo;Wooden Stake - Pile \/ 8 \u00d8&rdquo;\" rel=\"nofollow\">Select options<\/a>\t<span id=\"woocommerce_loop_add_to_cart_link_describedby_1889\" class=\"screen-reader-text\">\n\t\tThis product has multiple variants. The options may be chosen on the product page\t<\/span>\n<\/li>\n<\/ul>\n<\/div><\/div><\/div><\/div>[\/vc_column][\/vc_row]<\/p>\n<\/div>","protected":false},"excerpt":{"rendered":"<p>[vc_row][vc_column css=&#8221;.vc_custom_1682775389081{margin-top: 3em !important;}&#8221;][\/vc_column][\/vc_row][vc_row][vc_column css=&#8221;.vc_custom_1682776174856{margin-top: 6em !important;}&#8221;][\/vc_column][\/vc_row][vc_row css=&#8221;.vc_custom_1683539606726{background-color: #b18857 !important;}&#8221;][vc_column width=&#8221;1\/3&#8243;][vc_empty_space height=&#8221;72px&#8221;][vc_column_text] Dayan\u0131kl\u0131l\u0131k: Ah\u015fab\u0131n dayan\u0131kl\u0131l\u0131\u011f\u0131n\u0131n yan\u0131 s\u0131ra emprenyelenen \u00fcr\u00fcn\u00fcm\u00fcz her t\u00fcrl\u00fc d\u0131\u015f etkene kar\u015f\u0131 dayan\u0131kl\u0131d\u0131r. [\/vc_column_text][vc_empty_space height=&#8221;72px&#8221;][\/vc_column][vc_column width=&#8221;1\/3&#8243;][vc_empty_space height=&#8221;72px&#8221;][vc_column_text] Uygun [&hellip;]<\/p>\n","protected":false},"author":1,"featured_media":0,"parent":0,"menu_order":0,"comment_status":"closed","ping_status":"closed","template":"","meta":{"_joinchat":{"telephone":"+905326346388"},"footnotes":"","_links_to":"","_links_to_target":""},"class_list":["post-1875","page","type-page","status-publish","hentry"],"_links":{"self":[{"href":"https:\/\/www.tomrukyapi.com\/en\/wp-json\/wp\/v2\/pages\/1875"}],"collection":[{"href":"https:\/\/www.tomrukyapi.com\/en\/wp-json\/wp\/v2\/pages"}],"about":[{"href":"https:\/\/www.tomrukyapi.com\/en\/wp-json\/wp\/v2\/types\/page"}],"author":[{"embeddable":true,"href":"https:\/\/www.tomrukyapi.com\/en\/wp-json\/wp\/v2\/users\/1"}],"replies":[{"embeddable":true,"href":"https:\/\/www.tomrukyapi.com\/en\/wp-json\/wp\/v2\/comments?post=1875"}],"version-history":[{"count":0,"href":"https:\/\/www.tomrukyapi.com\/en\/wp-json\/wp\/v2\/pages\/1875\/revisions"}],"wp:attachment":[{"href":"https:\/\/www.tomrukyapi.com\/en\/wp-json\/wp\/v2\/media?parent=1875"}],"curies":[{"name":"wp","href":"https:\/\/api.w.org\/{rel}","templated":true}]}}