
{"id":1876,"date":"2023-05-27T16:15:24","date_gmt":"2023-05-27T13:15:24","guid":{"rendered":"https:\/\/www.tomrukyapi.com\/elma-diregi\/"},"modified":"2024-03-23T20:30:12","modified_gmt":"2024-03-23T17:30:12","slug":"elma-diregi","status":"publish","type":"page","link":"https:\/\/www.tomrukyapi.com\/en\/elma-diregi\/","title":{"rendered":"Elma Dire\u011fi"},"content":{"rendered":"<div class=\"wpb-content-wrapper\"><p>[vc_row][vc_column css=&#8221;.vc_custom_1682775389081{margin-top: 3em !important;}&#8221;]<div class=\"sc_section sc_section_block \" style=\"margin-top: 6em\"><div class=\"sc_section_inner\"><h6 class=\"sc_section_subtitle sc_item_subtitle\">Nedir?<\/h6><h3 class=\"sc_section_title sc_item_title\">Elma Dire\u011fi<\/h3><div class=\"sc_section_content_wrap\"><div class=\"sc_promo sc_promo_size_large\"><div class=\"sc_promo_inner\"><div class=\"sc_promo_image\" style=\"background-image:url(https:\/\/www.tomrukyapi.com\/wp-content\/uploads\/2023\/05\/Elma-Diregi-ile-desteklenmis-elmalar.webp);width:50%;left: 0;\"><\/div><div class=\"sc_promo_block sc_align_left\" style=\"width: 50%; float: right;\"><div class=\"sc_promo_block_inner\"><h2 class=\"sc_promo_title sc_item_title\">Elma dire\u011fi, elma yeti\u015ftiricili\u011finde kullan\u0131lan bir destek sistemidir.<\/h2><div class=\"sc_promo_descr sc_item_descr\">Elma dire\u011fi, genellikle elma yeti\u015ftiricili\u011finde kullan\u0131lan bir ifadedir. Bu, elma a\u011fa\u00e7lar\u0131n\u0131 desteklemek i\u00e7in kullan\u0131lan bir direk t\u00fcr\u00fcn\u00fc ifade eder. Elma dire\u011fi, \u00f6zellikle gen\u00e7 a\u011fa\u00e7lar\u0131n b\u00fcy\u00fcmesini d\u00fczenlemek ve onlar\u0131 r\u00fczg\u00e2rdan, hastal\u0131klardan veya zararl\u0131lardan korumak i\u00e7in kullan\u0131l\u0131r. Elma dire\u011finin kullan\u0131m\u0131n\u0131n verimlili\u011fe; daha d\u00fczenli b\u00fcy\u00fcme, hasat kolayl\u0131\u011f\u0131, hava dola\u015f\u0131m\u0131 gibi faydalar\u0131 vard\u0131r.<\/div><\/div><\/div><\/div><\/div><\/div><\/div><\/div>[\/vc_column][\/vc_row][vc_row][vc_column css=&#8221;.vc_custom_1682776174856{margin-top: 6em !important;}&#8221;]<div class=\"sc_section\"><div class=\"sc_section_inner\"><h6 class=\"sc_section_subtitle sc_item_subtitle\">\u00d6nemli<\/h6><h3 class=\"sc_section_title sc_item_title\">\u00d6zellikleri<\/h3><div class=\"sc_section_content_wrap\"><\/div><\/div><\/div>[\/vc_column][\/vc_row][vc_row css=&#8221;.vc_custom_1683539606726{background-color: #b18857 !important;}&#8221;][vc_column width=&#8221;1\/3&#8243;][vc_empty_space height=&#8221;72px&#8221;][vc_column_text]<\/p>\n<div><img loading=\"lazy\" decoding=\"async\" class=\"imgtransform aligncenter\" src=\"\/wp-content\/uploads\/2023\/04\/table6.png\" width=\"80\" height=\"80\" alt=\"\" title=\"\"><\/div>\n<h5 style=\"text-align: center;\">Dayan\u0131kl\u0131l\u0131k:<\/h5>\n<p style=\"text-align: center;\"><span style=\"color: #ffffff;\">Ah\u015fab\u0131n dayan\u0131kl\u0131l\u0131\u011f\u0131n\u0131n yan\u0131 s\u0131ra emprenyelenen \u00fcr\u00fcn\u00fcm\u00fcz her t\u00fcrl\u00fc d\u0131\u015f etkene kar\u015f\u0131 dayan\u0131kl\u0131d\u0131r.<\/span><\/p>\n<p>[\/vc_column_text][vc_empty_space height=&#8221;72px&#8221;][\/vc_column][vc_column width=&#8221;1\/3&#8243;][vc_empty_space height=&#8221;72px&#8221;][vc_column_text]<\/p>\n<div><img loading=\"lazy\" decoding=\"async\" class=\"imgtransform aligncenter\" src=\"\/wp-content\/uploads\/2023\/04\/table5.png\" width=\"80\" height=\"80\" alt=\"\" title=\"\"><\/div>\n<h5 style=\"text-align: center;\">Uygun Fiyat:<\/h5>\n<p style=\"text-align: center;\"><span style=\"color: #ffffff;\">\u00dcr\u00fcnlerimizi fabrikam\u0131zda \u00fcretti\u011fimiz i\u00e7in arac\u0131 maliyetlerini ortadan kald\u0131r\u0131yor ve bu sayede sizlere uygun fiyatl\u0131 \u00fcr\u00fcnler sunuyoruz.<\/span><\/p>\n<p>[\/vc_column_text][vc_empty_space height=&#8221;72px&#8221;][\/vc_column][vc_column width=&#8221;1\/3&#8243;][vc_empty_space height=&#8221;72px&#8221;][vc_column_text]<\/p>\n<div><img loading=\"lazy\" decoding=\"async\" class=\"imgtransform aligncenter\" src=\"\/wp-content\/uploads\/2023\/04\/table4.png\" width=\"80\" height=\"80\" alt=\"\" title=\"\"><\/div>\n<h5 style=\"text-align: center;\">\u00c7evre Dostu:<\/h5>\n<p style=\"text-align: center;\"><span style=\"color: #ffffff;\">Tamamen do\u011fal malzemelerden \u00fcretilen \u00fcr\u00fcnlerimiz \u00e7evre dostudur.<\/span><\/p>\n<p>[\/vc_column_text][vc_empty_space height=&#8221;72px&#8221;][\/vc_column][\/vc_row][vc_row inverse=&#8221;&#8221; css=&#8221;.vc_custom_1683540966215{background-color: #f0eddf !important;}&#8221;][vc_column width=&#8221;1\/3&#8243;][vc_empty_space height=&#8221;72px&#8221;][vc_column_text]<\/p>\n<div><img loading=\"lazy\" decoding=\"async\" class=\"imgtransform aligncenter\" src=\"\/wp-content\/uploads\/2023\/04\/table2.png\" width=\"80\" height=\"80\" alt=\"\" title=\"\"><\/div>\n<h5 style=\"text-align: center;\">Y\u00fcksek Kalite:<\/h5>\n<p style=\"text-align: center;\">\u00dcr\u00fcnlerimiz y\u00fcksek kalite standartlar\u0131na ve alan\u0131nda \u00f6nemli sertifikalara sahiptir.<\/p>\n<p>[\/vc_column_text][vc_empty_space height=&#8221;72px&#8221;][\/vc_column][vc_column width=&#8221;1\/3&#8243;][vc_empty_space height=&#8221;72px&#8221;][vc_column_text]<\/p>\n<div><img loading=\"lazy\" decoding=\"async\" class=\"imgtransform aligncenter\" src=\"\/wp-content\/uploads\/2023\/04\/table3.png\" width=\"80\" height=\"80\" alt=\"\" title=\"\"><\/div>\n<div class=\"box-detail-item ani-item ani-5\">\n<h5 style=\"text-align: center;\">Geni\u015f Boyut Se\u00e7enekleri:<\/h5>\n<p style=\"text-align: center;\"><span style=\"text-align: start;\">\u00c7ok \u00e7e\u015fitli varyasyonlar\u0131 bulunan \u00fcr\u00fcnlerimizi ayn\u0131 zamanda ihtiyac\u0131n\u0131z\u0131 uygun \u015fekilde \u00fcretiyoruz.<\/span><\/p>\n<\/div>\n<p>[\/vc_column_text][vc_empty_space height=&#8221;72px&#8221;][\/vc_column][vc_column width=&#8221;1\/3&#8243;][vc_empty_space height=&#8221;72px&#8221;][vc_column_text]<\/p>\n<div><img loading=\"lazy\" decoding=\"async\" class=\"imgtransform aligncenter\" src=\"\/wp-content\/uploads\/2023\/04\/table1.png\" width=\"80\" height=\"80\" alt=\"\" title=\"\"><\/div>\n<h5 style=\"text-align: center;\">H\u0131zl\u0131 Teslimat:<\/h5>\n<p style=\"text-align: center;\">\u00dcr\u00fcnlerimiz do\u011frudan depodan teslim edilmektedir. Sipari\u015flerinizi en k\u0131sa s\u00fcrede depomuzdan veya kargo\/ambar ile teslim alabilirsiniz.<\/p>\n<p>[\/vc_column_text][vc_empty_space height=&#8221;72px&#8221;][\/vc_column][\/vc_row][vc_row full_width=&#8221;stretch_row_content_no_spaces&#8221; css=&#8221;.vc_custom_1683853514735{margin-top: 8em !important;margin-bottom: 8em !important;}&#8221;][vc_column]<div class=\"sc_parallax\" data-parallax-speed=\"-0.1\" data-parallax-x-pos=\"50%\" data-parallax-y-pos=\"50%\"><div class=\"sc_parallax_content\" style=\"background-image:url(https:\/\/www.tomrukyapi.com\/wp-content\/uploads\/2023\/05\/ElmaDiregiParallax.webp); background-position:50% 50%;\"><div class=\"sc_content content_wrap\" data-animation=\"animated fadeInUpBig normal\" style=\"margin-top: 12em; margin-bottom: 11em;\"><h4 class=\"sc_title sc_title_regular sc_align_center\" style=\"text-align:center;color:#e9e4d0;font-size:4.5em;\">Elma bah\u00e7elerinizde kullanabilece\u011finiz ah\u015fap elma dire\u011fi i\u00e7in bize ula\u015fabilirsiniz!<\/h4><a href=\"\/shop\" class=\"sc_button sc_button_square sc_button_style_filled sc_button_size_medium aligncenter\" style=\"margin-top: 2em;\">Ma\u011faza<\/a><\/div><\/div><\/div>[\/vc_column][\/vc_row][vc_row][vc_column]<div class=\"cq-coverslider  navigation-overlay-left tinyshadow lavender \" data-imagemaxheight=\"300\" data-buttonbackground=\"\" data-buttonhoverbackground=\"#222F46\" data-contentbackground=\"\" data-contentcolor=\"\" data-arrowcolor=\"\" data-arrowhovercolor=\"\" data-delaytime=\"no\"><div class=\"cq-coverslider-area btn-large square\"><div class=\"cq-coverslider-cover\"><div class=\"cq-coverslider-itemcontainer\"><div class=\"cq-coverslider-imageitem\"><img decoding=\"async\" src=\"https:\/\/www.tomrukyapi.com\/wp-content\/uploads\/2023\/05\/Stok-Teslim-Ahsap-Herek.webp\" class=\"cq-coverslider-image\" alt=\"Bir b\u00fcy\u00fck palet i\u00e7inde uzun yuvarlak ah\u015fap herek veya kaz\u0131klar.\" title=\"\"><\/div><div class=\"cq-coverslider-imageitem\"><img decoding=\"async\" src=\"https:\/\/www.tomrukyapi.com\/wp-content\/uploads\/2023\/05\/5-Cap-Ahsap-Herek.webp\" class=\"cq-coverslider-image\" alt=\"Palet halinde sat\u0131\u015fa haz\u0131r bekleyen emprenyeli 5 \u00e7ap ah\u015fap herek\" title=\"\"><\/div><div class=\"cq-coverslider-imageitem\"><img decoding=\"async\" src=\"https:\/\/www.tomrukyapi.com\/wp-content\/uploads\/2023\/05\/Kalin-Capli-Ahsap-Herek.webp\" class=\"cq-coverslider-image\" alt=\"Palet halinde sat\u0131\u015fa haz\u0131r bekleyen emprenyeli kal\u0131n \u00e7apl\u0131 ah\u015fap herek\" title=\"\"><\/div><\/div><\/div><div class=\"cq-coverslider-content\"><div class=\"cq-coverslider-contentitem\">\n<h4 class=\"sc_promo_title\" style=\"font-size: 3.5em;\">Neden Kullan\u0131lmal\u0131?<\/h4>\n<div class=\"sc_promo_descr sc_item_descr\">Direkler, meyvelerin toplanmas\u0131n\u0131 <a href=\"https:\/\/www.sorhocam.com\/tag.asp?sid=2231&amp;bodur-agaclarda-direk-dikimi.html\" target=\"_blank\" rel=\"noopener\">daha kolay ve daha verimli hale getirir.<\/a> Direkler sayesinde a\u011fa\u00e7lar belirli bir y\u00fcksekli\u011fi korur, bu da hasat\u0131 kolayla\u015ft\u0131r\u0131r. Ayr\u0131ca a\u011fa\u00e7lar aras\u0131nda daha iyi hava dola\u015f\u0131m\u0131n\u0131 sa\u011flayarak a\u011fa\u00e7lar\u0131 hastal\u0131klara ve zararl\u0131lara kar\u015f\u0131 daha diren\u00e7li hale getirir.<\/div>\n<p><a class=\"sc_button sc_button_square sc_button_style_filled sc_button_size_medium\" href=\"\/shop\">\u00fcr\u00fcnleri incele<\/a><\/div><div class=\"cq-coverslider-contentitem\">\n<h4 class=\"sc_promo_title\" style=\"font-size: 3.5em;\">Neden Kullan\u0131lmal\u0131?<\/h4>\n<div class=\"sc_promo_descr sc_item_descr\">Emprenye edilmi\u015f ah\u015fap direkler, mantar, b\u00f6cek ve di\u011fer zararl\u0131 organizmalara kar\u015f\u0131 daha diren\u00e7lidir. Bu, direklerin \u00f6mr\u00fcn\u00fc uzat\u0131r ve a\u011fa\u00e7 yeti\u015ftiricili\u011fi i\u00e7in daha maliyet etkin ve s\u00fcrd\u00fcr\u00fclebilir bir \u00e7\u00f6z\u00fcm sunar.<\/div>\n<p><a class=\"sc_button sc_button_square sc_button_style_filled sc_button_size_medium\" href=\"\/shop\">\u00fcr\u00fcnleri incele<\/a><\/div><div class=\"cq-coverslider-contentitem\">\n<h4 class=\"sc_promo_title\" style=\"font-size: 3.5em;\">Neden Kullan\u0131lmal\u0131?<\/h4>\n<div class=\"sc_promo_descr sc_item_descr\">Direkler, a\u011fa\u00e7lar\u0131n sa\u011fl\u0131kl\u0131 ve d\u00fczg\u00fcn bir \u015fekilde b\u00fcy\u00fcmesini sa\u011flarlar. Bu, verimlili\u011fi art\u0131r\u0131r ve daha kaliteli meyveler elde etmeyi sa\u011flar.<\/div>\n<p><a class=\"sc_button sc_button_square sc_button_style_filled sc_button_size_medium\" href=\"\/shop\">\u00fcr\u00fcnleri incele<\/a><\/div><\/div><\/div><div class=\"cq-coverslider-navigation btn-large\"><div class=\"coverslider-navigation-prev\"><i class=\"cq-coverslider-icon entypo-icon entypo-icon-left-open-big\"><\/i><\/div><div class=\"coverslider-navigation-next\"><i class=\"cq-coverslider-icon entypo-icon entypo-icon-right-open-big\"><\/i><\/div><\/div><\/div>[\/vc_column][\/vc_row][vc_row][vc_column]<div class=\"sc_section\" style=\"margin-top: 8em;\"><div class=\"sc_section_inner\"><h6 class=\"sc_section_subtitle sc_item_subtitle\">\u00d6nerilen<\/h6><h3 class=\"sc_section_title sc_item_title\">\u00dcr\u00fcnlerimiz<\/h3><div class=\"sc_section_content_wrap\"><div class=\"woocommerce columns-3 \"><ul class=\"products columns-3\">\n<li class=\"product type-product post-1884 status-publish first instock product_cat-herek-en product_tag-ahsap-herek-en product_tag-ahsap-kazik-en product_tag-bag-kazigi-en product_tag-cit-diregi-en product_tag-herek-en product_tag-kazik-en has-post-thumbnail taxable shipping-taxable purchasable product-type-variable\">\n\t<a href=\"https:\/\/www.tomrukyapi.com\/en\/urun\/wooden-stake-pile-10-dia\/\" class=\"woocommerce-LoopProduct-link woocommerce-loop-product__link\"><img loading=\"lazy\" decoding=\"async\" width=\"300\" height=\"250\" src=\"https:\/\/www.tomrukyapi.com\/wp-content\/uploads\/2023\/04\/10-300x250.webp\" class=\"attachment-woocommerce_thumbnail size-woocommerce_thumbnail\" alt=\"10 Diameter Wooden Pile - Stake - Vineyard Pole\" title=\"\"><h2 class=\"woocommerce-loop-product__title\">Wooden Stake &#8211; Pile \/ 10 \u00d8<\/h2>\n\t<span class=\"price\"><span class=\"woocommerce-Price-amount amount\"><bdi>260.00<span class=\"woocommerce-Price-currencySymbol\">&#8378;<\/span><\/bdi><\/span> <small class=\"woocommerce-price-suffix\">+ KDV<\/small><\/span>\n<\/a><a href=\"https:\/\/www.tomrukyapi.com\/en\/urun\/wooden-stake-pile-10-dia\/\" aria-describedby=\"woocommerce_loop_add_to_cart_link_describedby_1884\" data-quantity=\"1\" class=\"button product_type_variable add_to_cart_button\" data-product_id=\"1884\" data-product_sku=\"TYHRK10\" aria-label=\"Select options for &ldquo;Wooden Stake - Pile \/ 10 \u00d8&rdquo;\" rel=\"nofollow\">Select options<\/a>\t<span id=\"woocommerce_loop_add_to_cart_link_describedby_1884\" class=\"screen-reader-text\">\n\t\tThis product has multiple variants. The options may be chosen on the product page\t<\/span>\n<\/li>\n<li class=\"product type-product post-1925 status-publish instock product_cat-herek-en product_tag-ahsap-herek-en product_tag-ahsap-kazik-en product_tag-bag-kazigi-en product_tag-cit-diregi-en product_tag-herek-en product_tag-kazik-en has-post-thumbnail taxable shipping-taxable purchasable product-type-variable\">\n\t<a href=\"https:\/\/www.tomrukyapi.com\/en\/urun\/wooden-stake-pile-6-dia\/\" class=\"woocommerce-LoopProduct-link woocommerce-loop-product__link\"><img loading=\"lazy\" decoding=\"async\" width=\"300\" height=\"250\" src=\"https:\/\/www.tomrukyapi.com\/wp-content\/uploads\/2023\/04\/6-1-300x250.webp\" class=\"attachment-woocommerce_thumbnail size-woocommerce_thumbnail\" alt=\"Pair of two wooden piles or stakes standing on top of each other\" title=\"\"><h2 class=\"woocommerce-loop-product__title\">Wooden Stake &#8211; Pile \/ 6 \u00d8<\/h2>\n\t<span class=\"price\"><span class=\"woocommerce-Price-amount amount\"><bdi>195.00<span class=\"woocommerce-Price-currencySymbol\">&#8378;<\/span><\/bdi><\/span> <small class=\"woocommerce-price-suffix\">+ KDV<\/small><\/span>\n<\/a><a href=\"https:\/\/www.tomrukyapi.com\/en\/urun\/wooden-stake-pile-6-dia\/\" aria-describedby=\"woocommerce_loop_add_to_cart_link_describedby_1925\" data-quantity=\"1\" class=\"button product_type_variable add_to_cart_button\" data-product_id=\"1925\" data-product_sku=\"TYHRK6\" aria-label=\"Select options for &ldquo;Wooden Stake - Pile \/ 6 \u00d8&rdquo;\" rel=\"nofollow\">Select options<\/a>\t<span id=\"woocommerce_loop_add_to_cart_link_describedby_1925\" class=\"screen-reader-text\">\n\t\tThis product has multiple variants. The options may be chosen on the product page\t<\/span>\n<\/li>\n<li class=\"product type-product post-1889 status-publish last instock product_cat-herek-en product_tag-ahsap-herek-en product_tag-ahsap-kazik-en product_tag-bag-kazigi-en product_tag-cit-diregi-en product_tag-herek-en product_tag-kazik-en has-post-thumbnail taxable shipping-taxable purchasable product-type-variable\">\n\t<a href=\"https:\/\/www.tomrukyapi.com\/en\/urun\/wooden-stake-pile-8-dia\/\" class=\"woocommerce-LoopProduct-link woocommerce-loop-product__link\"><img loading=\"lazy\" decoding=\"async\" width=\"300\" height=\"250\" src=\"https:\/\/www.tomrukyapi.com\/wp-content\/uploads\/2023\/04\/8-300x250.webp\" class=\"attachment-woocommerce_thumbnail size-woocommerce_thumbnail\" alt=\"3 wooden stakes bottom to bottom\" title=\"\"><h2 class=\"woocommerce-loop-product__title\">Wooden Stake &#8211; Pile \/ 8 \u00d8<\/h2>\n\t<span class=\"price\"><span class=\"woocommerce-Price-amount amount\"><bdi>140.00<span class=\"woocommerce-Price-currencySymbol\">&#8378;<\/span><\/bdi><\/span> <small class=\"woocommerce-price-suffix\">+ KDV<\/small><\/span>\n<\/a><a href=\"https:\/\/www.tomrukyapi.com\/en\/urun\/wooden-stake-pile-8-dia\/\" aria-describedby=\"woocommerce_loop_add_to_cart_link_describedby_1889\" data-quantity=\"1\" class=\"button product_type_variable add_to_cart_button\" data-product_id=\"1889\" data-product_sku=\"TYHRK8\" aria-label=\"Select options for &ldquo;Wooden Stake - Pile \/ 8 \u00d8&rdquo;\" rel=\"nofollow\">Select options<\/a>\t<span id=\"woocommerce_loop_add_to_cart_link_describedby_1889\" class=\"screen-reader-text\">\n\t\tThis product has multiple variants. The options may be chosen on the product page\t<\/span>\n<\/li>\n<\/ul>\n<\/div><\/div><\/div><\/div>[\/vc_column][\/vc_row]<\/p>\n<\/div>","protected":false},"excerpt":{"rendered":"<p>[vc_row][vc_column css=&#8221;.vc_custom_1682775389081{margin-top: 3em !important;}&#8221;][\/vc_column][\/vc_row][vc_row][vc_column css=&#8221;.vc_custom_1682776174856{margin-top: 6em !important;}&#8221;][\/vc_column][\/vc_row][vc_row css=&#8221;.vc_custom_1683539606726{background-color: #b18857 !important;}&#8221;][vc_column width=&#8221;1\/3&#8243;][vc_empty_space height=&#8221;72px&#8221;][vc_column_text] Dayan\u0131kl\u0131l\u0131k: Ah\u015fab\u0131n dayan\u0131kl\u0131l\u0131\u011f\u0131n\u0131n yan\u0131 s\u0131ra emprenyelenen \u00fcr\u00fcn\u00fcm\u00fcz her t\u00fcrl\u00fc d\u0131\u015f etkene kar\u015f\u0131 dayan\u0131kl\u0131d\u0131r. [\/vc_column_text][vc_empty_space height=&#8221;72px&#8221;][\/vc_column][vc_column width=&#8221;1\/3&#8243;][vc_empty_space height=&#8221;72px&#8221;][vc_column_text] Uygun [&hellip;]<\/p>\n","protected":false},"author":1,"featured_media":0,"parent":0,"menu_order":0,"comment_status":"closed","ping_status":"closed","template":"","meta":{"_joinchat":{"telephone":"+905326346388"},"footnotes":"","_links_to":"","_links_to_target":""},"class_list":["post-1876","page","type-page","status-publish","hentry"],"_links":{"self":[{"href":"https:\/\/www.tomrukyapi.com\/en\/wp-json\/wp\/v2\/pages\/1876"}],"collection":[{"href":"https:\/\/www.tomrukyapi.com\/en\/wp-json\/wp\/v2\/pages"}],"about":[{"href":"https:\/\/www.tomrukyapi.com\/en\/wp-json\/wp\/v2\/types\/page"}],"author":[{"embeddable":true,"href":"https:\/\/www.tomrukyapi.com\/en\/wp-json\/wp\/v2\/users\/1"}],"replies":[{"embeddable":true,"href":"https:\/\/www.tomrukyapi.com\/en\/wp-json\/wp\/v2\/comments?post=1876"}],"version-history":[{"count":0,"href":"https:\/\/www.tomrukyapi.com\/en\/wp-json\/wp\/v2\/pages\/1876\/revisions"}],"wp:attachment":[{"href":"https:\/\/www.tomrukyapi.com\/en\/wp-json\/wp\/v2\/media?parent=1876"}],"curies":[{"name":"wp","href":"https:\/\/api.w.org\/{rel}","templated":true}]}}