
{"id":1880,"date":"2023-05-12T04:42:56","date_gmt":"2023-05-12T01:42:56","guid":{"rendered":"https:\/\/www.tomrukyapi.com\/ahsap-cop-kovasi\/"},"modified":"2023-05-31T19:02:30","modified_gmt":"2023-05-31T16:02:30","slug":"ahsap-cop-kovasi","status":"publish","type":"page","link":"https:\/\/www.tomrukyapi.com\/en\/ahsap-cop-kovasi\/","title":{"rendered":"Wooden Trash Bin"},"content":{"rendered":"<div class=\"wpb-content-wrapper\"><p>[vc_row][vc_column css=&#8221;.vc_custom_1682775389081{margin-top: 3em !important;}&#8221;]<div class=\"sc_section sc_section_block \" style=\"margin-top: 6em\"><div class=\"sc_section_inner\"><h6 class=\"sc_section_subtitle sc_item_subtitle\">where to use?<\/h6><h3 class=\"sc_section_title sc_item_title\">Trash Bin<\/h3><div class=\"sc_section_content_wrap\"><div class=\"sc_promo sc_promo_size_large\"><div class=\"sc_promo_inner\"><div class=\"sc_promo_image\" style=\"background-image:url(https:\/\/www.tomrukyapi.com\/wp-content\/uploads\/2023\/05\/ahsapcopkovasi.webp);width:50%;left: 0;\"><\/div><div class=\"sc_promo_block sc_align_left\" style=\"width: 50%; float: right;\"><div class=\"sc_promo_block_inner\"><h2 class=\"sc_promo_title sc_item_title\">Wooden trash bins are generally used in gardens, parks and other open spaces.<\/h2><div class=\"sc_promo_descr sc_item_descr\">Being made of wood, they are an environmentally friendly option. Additionally, they have an aesthetic appearance and generally blend well with any type of decoration due to their natural colors. Wooden trash cans are more durable and long-lasting compared to other trash cans. Our product, with its impregnated slats, has been further enhanced by subjecting the inner bucket to a galvanization process, significantly extending its lifespan.<\/div><\/div><\/div><\/div><\/div><\/div><\/div><\/div>[\/vc_column][\/vc_row][vc_row][vc_column css=&#8221;.vc_custom_1682776174856{margin-top: 6em !important;}&#8221;]<div class=\"sc_section\"><div class=\"sc_section_inner\"><h6 class=\"sc_section_subtitle sc_item_subtitle\">Key<\/h6><h3 class=\"sc_section_title sc_item_title\">Features<\/h3><div class=\"sc_section_content_wrap\"><\/div><\/div><\/div>[\/vc_column][\/vc_row][vc_row css=&#8221;.vc_custom_1683539606726{background-color: #b18857 !important;}&#8221;][vc_column width=&#8221;1\/3&#8243;][vc_empty_space height=&#8221;72px&#8221;][vc_column_text]<\/p>\n<div><img loading=\"lazy\" decoding=\"async\" class=\"imgtransform aligncenter\" src=\"\/wp-content\/uploads\/2023\/04\/table6.png\" width=\"80\" height=\"80\" alt=\"\" title=\"\"><\/div>\n<h5 style=\"text-align: center;\">Resilience<\/h5>\n<p style=\"text-align: center;\"><span style=\"color: #ffffff;\">In addition to the durability of wood, our impregnated product is resistant to all kinds of external factors.<\/span><\/p>\n<p>[\/vc_column_text][vc_empty_space height=&#8221;72px&#8221;][\/vc_column][vc_column width=&#8221;1\/3&#8243;][vc_empty_space height=&#8221;72px&#8221;][vc_column_text]<\/p>\n<div><img loading=\"lazy\" decoding=\"async\" class=\"imgtransform aligncenter\" src=\"\/wp-content\/uploads\/2023\/04\/table5.png\" width=\"80\" height=\"80\" alt=\"\" title=\"\"><\/div>\n<h5 style=\"text-align: center;\">Reasonable Price:<\/h5>\n<p style=\"text-align: center;\"><span style=\"color: #ffffff;\">Since we produce our products in our factory, we eliminate intermediary costs and thus offer you affordable products.<\/span><\/p>\n<p>[\/vc_column_text][vc_empty_space height=&#8221;72px&#8221;][\/vc_column][vc_column width=&#8221;1\/3&#8243;][vc_empty_space height=&#8221;72px&#8221;][vc_column_text]<\/p>\n<div><img loading=\"lazy\" decoding=\"async\" class=\"imgtransform aligncenter\" src=\"\/wp-content\/uploads\/2023\/04\/table4.png\" width=\"80\" height=\"80\" alt=\"\" title=\"\"><\/div>\n<h5 style=\"text-align: center;\">Environmentally Friendly:<\/h5>\n<p style=\"text-align: center;\"><span style=\"color: #ffffff;\">Our products made entirely from natural materials are environmentally friendly.<\/span><\/p>\n<p>[\/vc_column_text][vc_empty_space height=&#8221;72px&#8221;][\/vc_column][\/vc_row][vc_row inverse=&#8221;&#8221; css=&#8221;.vc_custom_1683540966215{background-color: #f0eddf !important;}&#8221;][vc_column width=&#8221;1\/3&#8243;][vc_empty_space height=&#8221;72px&#8221;][vc_column_text]<\/p>\n<div><img loading=\"lazy\" decoding=\"async\" class=\"imgtransform aligncenter\" src=\"\/wp-content\/uploads\/2023\/04\/table2.png\" width=\"80\" height=\"80\" alt=\"\" title=\"\"><\/div>\n<h5 style=\"text-align: center;\">High Quality:<\/h5>\n<p style=\"text-align: center;\">Our products have high quality standards and important certificates in their field.<\/p>\n<p>[\/vc_column_text][vc_empty_space height=&#8221;72px&#8221;][\/vc_column][vc_column width=&#8221;1\/3&#8243;][vc_empty_space height=&#8221;72px&#8221;][vc_column_text]<\/p>\n<div><img loading=\"lazy\" decoding=\"async\" class=\"imgtransform aligncenter\" src=\"\/wp-content\/uploads\/2023\/04\/table3.png\" width=\"80\" height=\"80\" alt=\"\" title=\"\"><\/div>\n<div class=\"box-detail-item ani-item ani-5\">\n<h5 style=\"text-align: center;\">Wide Size Options:<\/h5>\n<p style=\"text-align: center;\"><span style=\"text-align: start;\">We also produce our products with a wide range of variations according to your needs.<\/span><\/p>\n<\/div>\n<p>[\/vc_column_text][vc_empty_space height=&#8221;72px&#8221;][\/vc_column][vc_column width=&#8221;1\/3&#8243;][vc_empty_space height=&#8221;72px&#8221;][vc_column_text]<\/p>\n<div><img loading=\"lazy\" decoding=\"async\" class=\"imgtransform aligncenter\" src=\"\/wp-content\/uploads\/2023\/04\/table1.png\" width=\"80\" height=\"80\" alt=\"\" title=\"\"><\/div>\n<h5 style=\"text-align: center;\">Fast Delivery:<\/h5>\n<p style=\"text-align: center;\">Our products are delivered directly from the warehouse. You can receive your orders as soon as possible from our warehouse or by cargo \/ warehouse.<\/p>\n<p>[\/vc_column_text][vc_empty_space height=&#8221;72px&#8221;][\/vc_column][\/vc_row][vc_row full_width=&#8221;stretch_row_content_no_spaces&#8221; css=&#8221;.vc_custom_1683853514735{margin-top: 8em !important;margin-bottom: 8em !important;}&#8221;][vc_column]<div class=\"sc_parallax\" data-parallax-speed=\"-0.1\" data-parallax-x-pos=\"50%\" data-parallax-y-pos=\"50%\"><div class=\"sc_parallax_content\" style=\"background-image:url(https:\/\/www.tomrukyapi.com\/wp-content\/uploads\/2023\/05\/parallaxpstakes.webp); background-position:50% 50%;\"><div class=\"sc_content content_wrap\" data-animation=\"animated fadeInUpBig normal\" style=\"margin-top: 12em; margin-bottom: 11em;\"><h4 class=\"sc_title sc_title_regular sc_align_center\" style=\"text-align:center;color:#e9e4d0;font-size:4.5em;\">You can contact us for impregnated and galvanized wooden trash bin!<\/h4><a href=\"\/magaza\" class=\"sc_button sc_button_square sc_button_style_filled sc_button_size_medium aligncenter\" style=\"margin-top: 2em;\">Shop<\/a><\/div><\/div><\/div>[\/vc_column][\/vc_row][vc_row][vc_column]<div class=\"sc_section\" style=\"margin-top: 8em;\"><div class=\"sc_section_inner\"><h6 class=\"sc_section_subtitle sc_item_subtitle\">Shop<\/h6><h3 class=\"sc_section_title sc_item_title\">Our Product<\/h3><div class=\"sc_section_content_wrap\"><div class=\"woocommerce columns-1 \"><ul class=\"products columns-1\">\n<li class=\"product type-product post-1881 status-publish first instock product_cat-cop-kovasi-en has-post-thumbnail sale taxable shipping-taxable purchasable product-type-simple yith-wcbm-product-has-badges\">\n\t<a href=\"https:\/\/www.tomrukyapi.com\/en\/urun\/ahsap-cop-kovasi\/\" class=\"woocommerce-LoopProduct-link woocommerce-loop-product__link\">\n\t\n\t<div class='container-image-and-badge  '><img loading=\"lazy\" decoding=\"async\" width=\"300\" height=\"250\" src=\"https:\/\/www.tomrukyapi.com\/wp-content\/uploads\/2023\/05\/cop_kovasi_yeni-300x250.webp\" class=\"attachment-woocommerce_thumbnail size-woocommerce_thumbnail\" alt=\"Galvanizli kova ile latalardan olu\u015fan emprenyeli Ah\u015fap \u00c7\u00f6p Kovas\u0131\" title=\"\">\n<div class='yith-wcbm-badge yith-wcbm-badge-2730 yith-wcbm-badge-text yith-wcbm-badge--on-product-1881 yith-wcbm-badge-text' data-position='{&quot;top&quot;:&quot;0&quot;,&quot;right&quot;:&quot;auto&quot;,&quot;bottom&quot;:&quot;auto&quot;,&quot;left&quot;:&quot;0&quot;}' data-transform=\"\">\n\t<div class='yith-wcbm-badge__wrap'>\n\t\t<div class=\"yith-wcbm-badge-text\"><p style=\"line-height: 16px\"><span style=\"font-size: 10pt\"><strong><span style=\"color: #ffffff\">\u00dcCRETS\u0130Z KARGO<\/span><\/strong><\/span><\/p><\/div>\n\t<\/div>\n<\/div>\n<!--yith-wcbm-badge-->\n<\/div><!--container-image-and-badge--><h2 class=\"woocommerce-loop-product__title\">Ah\u015fap \u00c7\u00f6p Kovas\u0131<\/h2>\n\t<span class=\"price\"><del aria-hidden=\"true\"><span class=\"woocommerce-Price-amount amount\"><bdi>4,000.00<span class=\"woocommerce-Price-currencySymbol\">&#8378;<\/span><\/bdi><\/span><\/del> <span class=\"screen-reader-text\">Original price was: 4,000.00&#8378;.<\/span><ins aria-hidden=\"true\"><span class=\"woocommerce-Price-amount amount\"><bdi>3,450.00<span class=\"woocommerce-Price-currencySymbol\">&#8378;<\/span><\/bdi><\/span><\/ins><span class=\"screen-reader-text\">Current price is: 3,450.00&#8378;.<\/span> <small class=\"woocommerce-price-suffix\">+ KDV<\/small><\/span>\n<\/a><a href=\"?add-to-cart=1881\" aria-describedby=\"woocommerce_loop_add_to_cart_link_describedby_1881\" data-quantity=\"1\" class=\"button product_type_simple add_to_cart_button ajax_add_to_cart\" data-product_id=\"1881\" data-product_sku=\"TYCOPKV\" aria-label=\"Add to cart: &ldquo;Ah\u015fap \u00c7\u00f6p Kovas\u0131&rdquo;\" rel=\"nofollow\" data-success_message=\"&ldquo;Ah\u015fap \u00c7\u00f6p Kovas\u0131&rdquo; has been added to your cart\">Add to cart<\/a>\t<span id=\"woocommerce_loop_add_to_cart_link_describedby_1881\" class=\"screen-reader-text\">\n\t\t\t<\/span>\n<\/li>\n<\/ul>\n<\/div><\/div><\/div><\/div>[\/vc_column][\/vc_row]<\/p>\n<\/div>","protected":false},"excerpt":{"rendered":"<p>[vc_row][vc_column css=&#8221;.vc_custom_1682775389081{margin-top: 3em !important;}&#8221;][\/vc_column][\/vc_row][vc_row][vc_column css=&#8221;.vc_custom_1682776174856{margin-top: 6em !important;}&#8221;][\/vc_column][\/vc_row][vc_row css=&#8221;.vc_custom_1683539606726{background-color: #b18857 !important;}&#8221;][vc_column width=&#8221;1\/3&#8243;][vc_empty_space height=&#8221;72px&#8221;][vc_column_text] Resilience In addition to the durability of wood, our impregnated product is resistant to all kinds of external [&hellip;]<\/p>\n","protected":false},"author":1,"featured_media":0,"parent":0,"menu_order":0,"comment_status":"closed","ping_status":"closed","template":"","meta":{"_joinchat":[],"footnotes":"","_links_to":"","_links_to_target":""},"class_list":["post-1880","page","type-page","status-publish","hentry"],"_links":{"self":[{"href":"https:\/\/www.tomrukyapi.com\/en\/wp-json\/wp\/v2\/pages\/1880"}],"collection":[{"href":"https:\/\/www.tomrukyapi.com\/en\/wp-json\/wp\/v2\/pages"}],"about":[{"href":"https:\/\/www.tomrukyapi.com\/en\/wp-json\/wp\/v2\/types\/page"}],"author":[{"embeddable":true,"href":"https:\/\/www.tomrukyapi.com\/en\/wp-json\/wp\/v2\/users\/1"}],"replies":[{"embeddable":true,"href":"https:\/\/www.tomrukyapi.com\/en\/wp-json\/wp\/v2\/comments?post=1880"}],"version-history":[{"count":0,"href":"https:\/\/www.tomrukyapi.com\/en\/wp-json\/wp\/v2\/pages\/1880\/revisions"}],"wp:attachment":[{"href":"https:\/\/www.tomrukyapi.com\/en\/wp-json\/wp\/v2\/media?parent=1880"}],"curies":[{"name":"wp","href":"https:\/\/api.w.org\/{rel}","templated":true}]}}