
{"id":1883,"date":"2023-05-11T15:22:57","date_gmt":"2023-05-11T12:22:57","guid":{"rendered":"https:\/\/www.tomrukyapi.com\/ahsap-bank\/"},"modified":"2023-05-31T19:03:45","modified_gmt":"2023-05-31T16:03:45","slug":"ahsap-bank","status":"publish","type":"page","link":"https:\/\/www.tomrukyapi.com\/en\/ahsap-bank\/","title":{"rendered":"Wooden Bench"},"content":{"rendered":"<div class=\"wpb-content-wrapper\"><p>[vc_row][vc_column css=&#8221;.vc_custom_1682775389081{margin-top: 3em !important;}&#8221;]<div class=\"sc_section sc_section_block \" style=\"margin-top: 6em\"><div class=\"sc_section_inner\"><h6 class=\"sc_section_subtitle sc_item_subtitle\">What Is?<\/h6><h3 class=\"sc_section_title sc_item_title\">Wooden Bench<\/h3><div class=\"sc_section_content_wrap\"><div class=\"sc_promo sc_promo_size_large\"><div class=\"sc_promo_inner\"><div class=\"sc_promo_image\" style=\"background-image:url(https:\/\/www.tomrukyapi.com\/wp-content\/uploads\/2023\/05\/ahsapbank.webp);width:50%;left: 0;\"><\/div><div class=\"sc_promo_block sc_align_left\" style=\"width: 50%; float: right;\"><div class=\"sc_promo_block_inner\"><h2 class=\"sc_promo_title sc_item_title\">The wooden bench has many uses.<\/h2><div class=\"sc_promo_descr sc_item_descr\">Wood materials are preferred due to their naturalness, durability, and aesthetic appearance. Wooden benches are commonly used in gardens, parks, playgrounds, and even on streets for comfortable seating. They blend in with the environment with a natural look. Wood is the first choice in bench production due to its long lifespan and sturdy structure.<\/div><\/div><\/div><\/div><\/div><\/div><\/div><\/div>[\/vc_column][\/vc_row][vc_row][vc_column css=&#8221;.vc_custom_1682776174856{margin-top: 6em !important;}&#8221;]<div class=\"sc_section\"><div class=\"sc_section_inner\"><h6 class=\"sc_section_subtitle sc_item_subtitle\">Key<\/h6><h3 class=\"sc_section_title sc_item_title\">Features<\/h3><div class=\"sc_section_content_wrap\"><\/div><\/div><\/div>[\/vc_column][\/vc_row][vc_row css=&#8221;.vc_custom_1683539606726{background-color: #b18857 !important;}&#8221;][vc_column width=&#8221;1\/3&#8243;][vc_empty_space height=&#8221;72px&#8221;][vc_column_text]<\/p>\n<div><img loading=\"lazy\" decoding=\"async\" class=\"imgtransform aligncenter\" src=\"\/wp-content\/uploads\/2023\/04\/table6.png\" width=\"80\" height=\"80\" alt=\"\" title=\"\"><\/div>\n<h5 style=\"text-align: center;\">Resilience<\/h5>\n<p style=\"text-align: center;\"><span style=\"color: #ffffff;\">In addition to the durability of wood, our impregnated product is resistant to all kinds of external factors.<\/span><\/p>\n<p>[\/vc_column_text][vc_empty_space height=&#8221;72px&#8221;][\/vc_column][vc_column width=&#8221;1\/3&#8243;][vc_empty_space height=&#8221;72px&#8221;][vc_column_text]<\/p>\n<div><img loading=\"lazy\" decoding=\"async\" class=\"imgtransform aligncenter\" src=\"\/wp-content\/uploads\/2023\/04\/table5.png\" width=\"80\" height=\"80\" alt=\"\" title=\"\"><\/div>\n<h5 style=\"text-align: center;\">Reasonable Price:<\/h5>\n<p style=\"text-align: center;\"><span style=\"color: #ffffff;\">Since we produce our products in our factory, we eliminate intermediary costs and thus offer you affordable products.<\/span><\/p>\n<p>[\/vc_column_text][vc_empty_space height=&#8221;72px&#8221;][\/vc_column][vc_column width=&#8221;1\/3&#8243;][vc_empty_space height=&#8221;72px&#8221;][vc_column_text]<\/p>\n<div><img loading=\"lazy\" decoding=\"async\" class=\"imgtransform aligncenter\" src=\"\/wp-content\/uploads\/2023\/04\/table4.png\" width=\"80\" height=\"80\" alt=\"\" title=\"\"><\/div>\n<h5 style=\"text-align: center;\">Environmentally Friendly:<\/h5>\n<p style=\"text-align: center;\"><span style=\"color: #ffffff;\">Our products made entirely from natural materials are environmentally friendly.<\/span><\/p>\n<p>[\/vc_column_text][vc_empty_space height=&#8221;72px&#8221;][\/vc_column][\/vc_row][vc_row inverse=&#8221;&#8221; css=&#8221;.vc_custom_1683540966215{background-color: #f0eddf !important;}&#8221;][vc_column width=&#8221;1\/3&#8243;][vc_empty_space height=&#8221;72px&#8221;][vc_column_text]<\/p>\n<div><img loading=\"lazy\" decoding=\"async\" class=\"imgtransform aligncenter\" src=\"\/wp-content\/uploads\/2023\/04\/table2.png\" width=\"80\" height=\"80\" alt=\"\" title=\"\"><\/div>\n<h5 style=\"text-align: center;\">High Quality:<\/h5>\n<p style=\"text-align: center;\">Our products have high quality standards and important certificates in their field.<\/p>\n<p>[\/vc_column_text][vc_empty_space height=&#8221;72px&#8221;][\/vc_column][vc_column width=&#8221;1\/3&#8243;][vc_empty_space height=&#8221;72px&#8221;][vc_column_text]<\/p>\n<div><img loading=\"lazy\" decoding=\"async\" class=\"imgtransform aligncenter\" src=\"\/wp-content\/uploads\/2023\/04\/table3.png\" width=\"80\" height=\"80\" alt=\"\" title=\"\"><\/div>\n<div class=\"box-detail-item ani-item ani-5\">\n<h5 style=\"text-align: center;\">Wide Size Options:<\/h5>\n<p style=\"text-align: center;\"><span style=\"text-align: start;\">We also produce our products with a wide range of variations according to your needs.<\/span><\/p>\n<\/div>\n<p>[\/vc_column_text][vc_empty_space height=&#8221;72px&#8221;][\/vc_column][vc_column width=&#8221;1\/3&#8243;][vc_empty_space height=&#8221;72px&#8221;][vc_column_text]<\/p>\n<div><img loading=\"lazy\" decoding=\"async\" class=\"imgtransform aligncenter\" src=\"\/wp-content\/uploads\/2023\/04\/table1.png\" width=\"80\" height=\"80\" alt=\"\" title=\"\"><\/div>\n<h5 style=\"text-align: center;\">Fast Delivery:<\/h5>\n<p style=\"text-align: center;\">Our products are delivered directly from the warehouse. You can receive your orders as soon as possible from our warehouse or by cargo \/ warehouse.<\/p>\n<p>[\/vc_column_text][vc_empty_space height=&#8221;72px&#8221;][\/vc_column][\/vc_row][vc_row][vc_column]<div class=\"sc_section\" style=\"margin-top: 8em;\"><div class=\"sc_section_inner\"><h6 class=\"sc_section_subtitle sc_item_subtitle\">Shop<\/h6><h3 class=\"sc_section_title sc_item_title\">Our Products<\/h3><div class=\"sc_section_content_wrap\"><div class=\"woocommerce columns-2 \"><ul class=\"products columns-2\">\n<li class=\"product type-product post-1888 status-publish first instock product_cat-bank-en has-post-thumbnail sale taxable shipping-taxable purchasable product-type-simple yith-wcbm-product-has-badges\">\n\t<a href=\"https:\/\/www.tomrukyapi.com\/en\/urun\/ahsap-bank\/\" class=\"woocommerce-LoopProduct-link woocommerce-loop-product__link\">\n\t\n\t<div class='container-image-and-badge  '><img loading=\"lazy\" decoding=\"async\" width=\"300\" height=\"250\" src=\"https:\/\/www.tomrukyapi.com\/wp-content\/uploads\/2023\/04\/Bank-300x250.webp\" class=\"attachment-woocommerce_thumbnail size-woocommerce_thumbnail\" alt=\"Ah\u015fap Bank\" title=\"\">\n<div class='yith-wcbm-badge yith-wcbm-badge-2730 yith-wcbm-badge-text yith-wcbm-badge--on-product-1888 yith-wcbm-badge-text' data-position='{&quot;top&quot;:&quot;0&quot;,&quot;right&quot;:&quot;auto&quot;,&quot;bottom&quot;:&quot;auto&quot;,&quot;left&quot;:&quot;0&quot;}' data-transform=\"\">\n\t<div class='yith-wcbm-badge__wrap'>\n\t\t<div class=\"yith-wcbm-badge-text\"><p style=\"line-height: 16px\"><span style=\"font-size: 10pt\"><strong><span style=\"color: #ffffff\">\u00dcCRETS\u0130Z KARGO<\/span><\/strong><\/span><\/p><\/div>\n\t<\/div>\n<\/div>\n<!--yith-wcbm-badge-->\n<\/div><!--container-image-and-badge--><h2 class=\"woocommerce-loop-product__title\">Ah\u015fap Bank<\/h2>\n\t<span class=\"price\"><del aria-hidden=\"true\"><span class=\"woocommerce-Price-amount amount\"><bdi>5,150.00<span class=\"woocommerce-Price-currencySymbol\">&#8378;<\/span><\/bdi><\/span><\/del> <span class=\"screen-reader-text\">Original price was: 5,150.00&#8378;.<\/span><ins aria-hidden=\"true\"><span class=\"woocommerce-Price-amount amount\"><bdi>4,500.00<span class=\"woocommerce-Price-currencySymbol\">&#8378;<\/span><\/bdi><\/span><\/ins><span class=\"screen-reader-text\">Current price is: 4,500.00&#8378;.<\/span> <small class=\"woocommerce-price-suffix\">+ KDV<\/small><\/span>\n<\/a><a href=\"?add-to-cart=1888\" aria-describedby=\"woocommerce_loop_add_to_cart_link_describedby_1888\" data-quantity=\"1\" class=\"button product_type_simple add_to_cart_button ajax_add_to_cart\" data-product_id=\"1888\" data-product_sku=\"TYBANK\" aria-label=\"Add to cart: &ldquo;Ah\u015fap Bank&rdquo;\" rel=\"nofollow\" data-success_message=\"&ldquo;Ah\u015fap Bank&rdquo; has been added to your cart\">Add to cart<\/a>\t<span id=\"woocommerce_loop_add_to_cart_link_describedby_1888\" class=\"screen-reader-text\">\n\t\t\t<\/span>\n<\/li>\n<li class=\"product type-product post-1882 status-publish last instock product_cat-bank-en has-post-thumbnail taxable shipping-taxable purchasable product-type-variable has-default-attributes yith-wcbm-product-has-badges\">\n\t<a href=\"https:\/\/www.tomrukyapi.com\/en\/urun\/dokum-bank-ayagi\/\" class=\"woocommerce-LoopProduct-link woocommerce-loop-product__link\"><div class='container-image-and-badge  '><img loading=\"lazy\" decoding=\"async\" width=\"300\" height=\"250\" src=\"https:\/\/www.tomrukyapi.com\/wp-content\/uploads\/2023\/05\/Dokum-Bank-Ayagi-300x250.webp\" class=\"attachment-woocommerce_thumbnail size-woocommerce_thumbnail\" alt=\"D\u00f6k\u00fcm Bank Aya\u011f\u0131\" title=\"\">\n<div class='yith-wcbm-badge yith-wcbm-badge-2730 yith-wcbm-badge-text yith-wcbm-badge--on-product-1882 yith-wcbm-badge-text' data-position='{&quot;top&quot;:&quot;0&quot;,&quot;right&quot;:&quot;auto&quot;,&quot;bottom&quot;:&quot;auto&quot;,&quot;left&quot;:&quot;0&quot;}' data-transform=\"\">\n\t<div class='yith-wcbm-badge__wrap'>\n\t\t<div class=\"yith-wcbm-badge-text\"><p style=\"line-height: 16px\"><span style=\"font-size: 10pt\"><strong><span style=\"color: #ffffff\">\u00dcCRETS\u0130Z KARGO<\/span><\/strong><\/span><\/p><\/div>\n\t<\/div>\n<\/div>\n<!--yith-wcbm-badge-->\n<\/div><!--container-image-and-badge--><h2 class=\"woocommerce-loop-product__title\">D\u00f6k\u00fcm Bank Aya\u011f\u0131 (2&#8217;li)<\/h2>\n\t<span class=\"price\"><span class=\"woocommerce-Price-amount amount\"><bdi>2,000.00<span class=\"woocommerce-Price-currencySymbol\">&#8378;<\/span><\/bdi><\/span> <small class=\"woocommerce-price-suffix\">+ KDV<\/small><\/span>\n<\/a><a href=\"https:\/\/www.tomrukyapi.com\/en\/urun\/dokum-bank-ayagi\/\" aria-describedby=\"woocommerce_loop_add_to_cart_link_describedby_1882\" data-quantity=\"1\" class=\"button product_type_variable add_to_cart_button\" data-product_id=\"1882\" data-product_sku=\"TYBANKAYK\" aria-label=\"Select options for &ldquo;D\u00f6k\u00fcm Bank Aya\u011f\u0131 (2&#039;li)&rdquo;\" rel=\"nofollow\">Select options<\/a>\t<span id=\"woocommerce_loop_add_to_cart_link_describedby_1882\" class=\"screen-reader-text\">\n\t\tThis product has multiple variants. The options may be chosen on the product page\t<\/span>\n<\/li>\n<\/ul>\n<\/div><\/div><\/div><\/div>[\/vc_column][\/vc_row]<\/p>\n<\/div>","protected":false},"excerpt":{"rendered":"<p>[vc_row][vc_column css=&#8221;.vc_custom_1682775389081{margin-top: 3em !important;}&#8221;][\/vc_column][\/vc_row][vc_row][vc_column css=&#8221;.vc_custom_1682776174856{margin-top: 6em !important;}&#8221;][\/vc_column][\/vc_row][vc_row css=&#8221;.vc_custom_1683539606726{background-color: #b18857 !important;}&#8221;][vc_column width=&#8221;1\/3&#8243;][vc_empty_space height=&#8221;72px&#8221;][vc_column_text] Resilience In addition to the durability of wood, our impregnated product is resistant to all kinds of external [&hellip;]<\/p>\n","protected":false},"author":1,"featured_media":0,"parent":0,"menu_order":0,"comment_status":"closed","ping_status":"closed","template":"","meta":{"_joinchat":[],"footnotes":"","_links_to":"","_links_to_target":""},"class_list":["post-1883","page","type-page","status-publish","hentry"],"_links":{"self":[{"href":"https:\/\/www.tomrukyapi.com\/en\/wp-json\/wp\/v2\/pages\/1883"}],"collection":[{"href":"https:\/\/www.tomrukyapi.com\/en\/wp-json\/wp\/v2\/pages"}],"about":[{"href":"https:\/\/www.tomrukyapi.com\/en\/wp-json\/wp\/v2\/types\/page"}],"author":[{"embeddable":true,"href":"https:\/\/www.tomrukyapi.com\/en\/wp-json\/wp\/v2\/users\/1"}],"replies":[{"embeddable":true,"href":"https:\/\/www.tomrukyapi.com\/en\/wp-json\/wp\/v2\/comments?post=1883"}],"version-history":[{"count":0,"href":"https:\/\/www.tomrukyapi.com\/en\/wp-json\/wp\/v2\/pages\/1883\/revisions"}],"wp:attachment":[{"href":"https:\/\/www.tomrukyapi.com\/en\/wp-json\/wp\/v2\/media?parent=1883"}],"curies":[{"name":"wp","href":"https:\/\/api.w.org\/{rel}","templated":true}]}}