
{"id":1887,"date":"2023-04-29T02:37:12","date_gmt":"2023-04-28T23:37:12","guid":{"rendered":"https:\/\/www.tomrukyapi.com\/herek\/"},"modified":"2023-06-08T00:20:14","modified_gmt":"2023-06-07T21:20:14","slug":"wooden-stake","status":"publish","type":"page","link":"https:\/\/www.tomrukyapi.com\/en\/wooden-stake\/","title":{"rendered":"Wooden Stake &#8211; Pile"},"content":{"rendered":"<div class=\"wpb-content-wrapper\"><p>[vc_row][vc_column css=&#8221;.vc_custom_1685548741209{margin-top: 1em !important;}&#8221;]<div class=\"sc_section sc_section_block \" style=\"margin-top: 1em\"><div class=\"sc_section_inner\"><h6 class=\"sc_section_subtitle sc_item_subtitle\">What Is?<\/h6><h3 class=\"sc_section_title sc_item_title\">Stake<\/h3><div class=\"sc_section_content_wrap\"><div class=\"sc_promo sc_promo_size_large\"><div class=\"sc_promo_inner\"><div class=\"sc_promo_image\" style=\"background-image:url(https:\/\/www.tomrukyapi.com\/wp-content\/uploads\/2023\/06\/Wooden-Stake.webp);width:50%;left: 0;\"><\/div><div class=\"sc_promo_block sc_align_left\" style=\"width: 50%; float: right;\"><div class=\"sc_promo_block_inner\"><h2 class=\"sc_promo_title sc_item_title\">Stake - Piles are generally made of wood.<\/h2><div class=\"sc_promo_descr sc_item_descr\">The healthiest and most practical material is wood. It is preferred due to its workability and applicability to the area. It has multiple areas of use. If the terrain is exposed to strong winds in spring and autumn, it is necessary to plant trees to prevent damage to the seedlings. The wooden support should be placed about 20 cm away from the tree to avoid rubbing and causing damage. This way, new shoots will not break, and the trees will grow vertically. As they grow, additional supports can be made at the upper parts, typically the second or third tiers.<\/div><\/div><\/div><\/div><\/div><\/div><\/div><\/div>[\/vc_column][\/vc_row][vc_row][vc_column css=&#8221;.vc_custom_1682776174856{margin-top: 6em !important;}&#8221;]<div class=\"sc_section\"><div class=\"sc_section_inner\"><h6 class=\"sc_section_subtitle sc_item_subtitle\">Key<\/h6><h3 class=\"sc_section_title sc_item_title\">Features<\/h3><div class=\"sc_section_content_wrap\"><\/div><\/div><\/div>[\/vc_column][\/vc_row][vc_row css=&#8221;.vc_custom_1683539606726{background-color: #b18857 !important;}&#8221;][vc_column width=&#8221;1\/3&#8243;][vc_empty_space height=&#8221;72px&#8221;][vc_column_text]<\/p>\n<div><img loading=\"lazy\" decoding=\"async\" class=\"imgtransform aligncenter\" src=\"\/wp-content\/uploads\/2023\/04\/table6.png\" width=\"80\" height=\"80\" alt=\"\" title=\"\"><\/div>\n<h5 style=\"text-align: center;\">Resilience<\/h5>\n<p style=\"text-align: center;\"><span style=\"color: #ffffff;\">In addition to the durability of wood, our impregnated product is resistant to all kinds of external factors.<\/span><\/p>\n<p>[\/vc_column_text][vc_empty_space height=&#8221;72px&#8221;][\/vc_column][vc_column width=&#8221;1\/3&#8243;][vc_empty_space height=&#8221;72px&#8221;][vc_column_text]<\/p>\n<div><img loading=\"lazy\" decoding=\"async\" class=\"imgtransform aligncenter\" src=\"\/wp-content\/uploads\/2023\/04\/table5.png\" width=\"80\" height=\"80\" alt=\"\" title=\"\"><\/div>\n<h5 style=\"text-align: center;\">Reasonable Price:<\/h5>\n<p style=\"text-align: center;\"><span style=\"color: #ffffff;\">Since we produce our products in our factory, we eliminate intermediary costs and thus offer you affordable products.<\/span><\/p>\n<p>[\/vc_column_text][vc_empty_space height=&#8221;72px&#8221;][\/vc_column][vc_column width=&#8221;1\/3&#8243;][vc_empty_space height=&#8221;72px&#8221;][vc_column_text]<\/p>\n<div><img loading=\"lazy\" decoding=\"async\" class=\"imgtransform aligncenter\" src=\"\/wp-content\/uploads\/2023\/04\/table4.png\" width=\"80\" height=\"80\" alt=\"\" title=\"\"><\/div>\n<h5 style=\"text-align: center;\">Environmentally Friendly:<\/h5>\n<p style=\"text-align: center;\"><span style=\"color: #ffffff;\">Our products made entirely from natural materials are environmentally friendly.<\/span><\/p>\n<p>[\/vc_column_text][vc_empty_space height=&#8221;72px&#8221;][\/vc_column][\/vc_row][vc_row inverse=&#8221;&#8221; css=&#8221;.vc_custom_1683540966215{background-color: #f0eddf !important;}&#8221;][vc_column width=&#8221;1\/3&#8243;][vc_empty_space height=&#8221;72px&#8221;][vc_column_text]<\/p>\n<div><img loading=\"lazy\" decoding=\"async\" class=\"imgtransform aligncenter\" src=\"\/wp-content\/uploads\/2023\/04\/table2.png\" width=\"80\" height=\"80\" alt=\"\" title=\"\"><\/div>\n<h5 style=\"text-align: center;\">High Quality:<\/h5>\n<p style=\"text-align: center;\">Our products have high quality standards and important certificates in their field.<\/p>\n<p>[\/vc_column_text][vc_empty_space height=&#8221;72px&#8221;][\/vc_column][vc_column width=&#8221;1\/3&#8243;][vc_empty_space height=&#8221;72px&#8221;][vc_column_text]<\/p>\n<div><img loading=\"lazy\" decoding=\"async\" class=\"imgtransform aligncenter\" src=\"\/wp-content\/uploads\/2023\/04\/table3.png\" width=\"80\" height=\"80\" alt=\"\" title=\"\"><\/div>\n<div class=\"box-detail-item ani-item ani-5\">\n<h5 style=\"text-align: center;\">Wide Size Options:<\/h5>\n<p style=\"text-align: center;\"><span style=\"text-align: start;\">We also produce our products with a wide range of variations according to your needs.<\/span><\/p>\n<\/div>\n<p>[\/vc_column_text][vc_empty_space height=&#8221;72px&#8221;][\/vc_column][vc_column width=&#8221;1\/3&#8243;][vc_empty_space height=&#8221;72px&#8221;][vc_column_text]<\/p>\n<div><img loading=\"lazy\" decoding=\"async\" class=\"imgtransform aligncenter\" src=\"\/wp-content\/uploads\/2023\/04\/table1.png\" width=\"80\" height=\"80\" alt=\"\" title=\"\"><\/div>\n<h5 style=\"text-align: center;\">Fast Delivery:<\/h5>\n<p style=\"text-align: center;\">Our products are delivered directly from the warehouse. You can receive your orders as soon as possible from our warehouse or by cargo \/ warehouse.<\/p>\n<p>[\/vc_column_text][vc_empty_space height=&#8221;72px&#8221;][\/vc_column][\/vc_row][vc_row full_width=&#8221;stretch_row_content_no_spaces&#8221; css=&#8221;.vc_custom_1683853514735{margin-top: 8em !important;margin-bottom: 8em !important;}&#8221;][vc_column]<div class=\"sc_parallax\" data-parallax-speed=\"-0.1\" data-parallax-x-pos=\"50%\" data-parallax-y-pos=\"50%\"><div class=\"sc_parallax_content\" style=\"background-image:url(https:\/\/www.tomrukyapi.com\/wp-content\/uploads\/2023\/05\/parallaxpstakes.webp); background-position:50% 50%;\"><div class=\"sc_content content_wrap\" data-animation=\"animated fadeInUpBig normal\" style=\"margin-top: 12em; margin-bottom: 11em;\"><h4 class=\"sc_title sc_title_regular sc_align_center\" style=\"text-align:center;color:#e9e4d0;font-size:4.5em;\">Contact us for certified wooden stakes directly from the manufacturer!<\/h4><a href=\"\/shop\" class=\"sc_button sc_button_square sc_button_style_filled sc_button_size_medium aligncenter\" style=\"margin-top: 2em;\">Store<\/a><\/div><\/div><\/div>[\/vc_column][\/vc_row][vc_row inverse=&#8221;&#8221; css=&#8221;.vc_custom_1684514445041{margin-bottom: 4em !important;}&#8221;][vc_column]<div class=\"cq-coverslider  navigation-overlay-left tinyshadow lavender \" data-imagemaxheight=\"300\" data-buttonbackground=\"\" data-buttonhoverbackground=\"#222F46\" data-contentbackground=\"\" data-contentcolor=\"\" data-arrowcolor=\"\" data-arrowhovercolor=\"\" data-delaytime=\"no\"><div class=\"cq-coverslider-area btn-large square\"><div class=\"cq-coverslider-cover\"><div class=\"cq-coverslider-itemcontainer\"><div class=\"cq-coverslider-imageitem\"><img decoding=\"async\" src=\"https:\/\/www.tomrukyapi.com\/wp-content\/uploads\/2023\/05\/Kalin-Capli-Ahsap-Herek.webp\" class=\"cq-coverslider-image\" alt=\"Palet halinde sat\u0131\u015fa haz\u0131r bekleyen emprenyeli kal\u0131n \u00e7apl\u0131 ah\u015fap herek\" title=\"\"><\/div><div class=\"cq-coverslider-imageitem\"><img decoding=\"async\" src=\"https:\/\/www.tomrukyapi.com\/wp-content\/uploads\/2023\/05\/Stok-Teslim-Ahsap-Herek.webp\" class=\"cq-coverslider-image\" alt=\"Bir b\u00fcy\u00fck palet i\u00e7inde uzun yuvarlak ah\u015fap herek veya kaz\u0131klar.\" title=\"\"><\/div><div class=\"cq-coverslider-imageitem\"><img decoding=\"async\" src=\"https:\/\/www.tomrukyapi.com\/wp-content\/uploads\/2023\/05\/5-Cap-Ahsap-Herek.webp\" class=\"cq-coverslider-image\" alt=\"Palet halinde sat\u0131\u015fa haz\u0131r bekleyen emprenyeli 5 \u00e7ap ah\u015fap herek\" title=\"\"><\/div><\/div><\/div><div class=\"cq-coverslider-content\"><div class=\"cq-coverslider-contentitem\">\n<h4 class=\"sc_promo_title\" style=\"font-size: 3.5em;\">Why to use it?<\/h4>\n<div class=\"sc_promo_descr sc_item_descr\"><a href=\"https:\/\/njaes.rutgers.edu\/FS1102\/\" target=\"_blank\" rel=\"noopener\">Stake<\/a> ensures that the tree grows in the right direction during the first growth period of the plant. This ensures that the tree has the correct shape as it develops and avoids undesirable tendencies.<\/div>\n<p><a class=\"sc_button sc_button_square sc_button_style_filled sc_button_size_medium\" href=\"\/shop\">review products<\/a><\/div><div class=\"cq-coverslider-contentitem\">\n<h4 class=\"sc_promo_title\" style=\"font-size: 3.5em;\">Why to use it?<\/h4>\n<div class=\"sc_promo_descr sc_item_descr\">During the planting of the tree, the tree roots are prevented from emerging and reaching the soil surface under the influence of natural elements such as wind. It helps the tree to hold on to the soil better and ensures that its roots are firmly established.<\/div>\n<p><a class=\"sc_button sc_button_square sc_button_style_filled sc_button_size_medium\" href=\"\/shop\">review products<\/a><\/div><div class=\"cq-coverslider-contentitem\">\n<h4 class=\"sc_promo_title\" style=\"font-size: 3.5em;\">Why to use it?<\/h4>\n<div class=\"sc_promo_descr sc_item_descr\">Provides better nutrition for trees. Provides more sunlight and air flow to the branches and leaves of the tree, helping it grow healthier<\/div>\n<p><a class=\"sc_button sc_button_square sc_button_style_filled sc_button_size_medium\" href=\"\/shop\">review products<\/a><\/div><\/div><\/div><div class=\"cq-coverslider-navigation btn-large\"><div class=\"coverslider-navigation-prev\"><i class=\"cq-coverslider-icon entypo-icon entypo-icon-left-open-big\"><\/i><\/div><div class=\"coverslider-navigation-next\"><i class=\"cq-coverslider-icon entypo-icon entypo-icon-right-open-big\"><\/i><\/div><\/div><\/div>[\/vc_column][\/vc_row][vc_row full_width=&#8221;stretch_row&#8221; inverse=&#8221;&#8221; css=&#8221;.vc_custom_1684514353575{background-color: #f0eddf !important;}&#8221;][vc_column]<div class=\"sc_section sc_section_block \" style=\"margin-top: 6em;\"><div class=\"sc_section_inner\"><h6 class=\"sc_section_subtitle sc_item_subtitle\">WHERE IS IT<\/h6><h3 class=\"sc_section_title sc_item_title\">Used in<\/h3><div class=\"sc_section_content_wrap\"><div id=\"sc_call_to_action_454844124\" class=\"sc_call_to_action sc_call_to_action_accented sc_call_to_action_style_1 sc_call_to_action_align_right\" style=\"width:100%;\"><div class=\"columns_wrap\"><div class=\"sc_call_to_action_info column-1_2\"><h3 class=\"sc_call_to_action_title sc_item_title\">Stake Has Many Uses<\/h3><div class=\"sc_call_to_action_descr sc_item_descr\">By clicking on the icons below, you can obtain information about the relevant usage area and access our recommended product for that area.<\/div><div class=\"sc_call_to_action_buttons sc_item_buttons\"><div class=\"sc_call_to_action_button sc_item_button\"><a href=\"\/shop\" class=\"sc_button sc_button_square sc_button_style_filled sc_button_size_medium\">Shop Now<\/a><\/div><\/div><\/div><div class=\"sc_call_to_action_featured column-1_2\"><img loading=\"lazy\" decoding=\"async\" class=\"wp-post-image\" width=\"856\" height=\"800\" alt=\"kzkklnm-1.webp\" src=\"https:\/\/www.tomrukyapi.com\/wp-content\/uploads\/2023\/04\/kzkklnm-1-856x800.webp\" title=\"\"><\/div><\/div><\/div><\/div><\/div><\/div><div id=\"sc_services_786304245_wrap\" class=\"sc_services_wrap\"><div id=\"sc_services_786304245\" class=\"sc_services sc_services_style_services-2 sc_services_type_icons \" style=\"margin-top: 8em;width:100%;\"><div class=\"sc_columns columns_wrap\"><div class=\"column-1_3 column_padding_bottom\">\t\t\t<div id=\"sc_services_786304245_1\"\t\t\t\tclass=\"sc_services_item sc_services_item_1 odd first\"\n\t\t\t\t>\n\t\t\t\t<a href=\"https:\/\/www.tomrukyapi.com\/kivi-diregi\"><span class=\"sc_icon icon-kividiregi\"><\/span><\/a>\t\t\t\t<div class=\"sc_services_item_content\">\n\t\t\t\t\t<h4 class=\"sc_services_item_title\"><a href=\"https:\/\/www.tomrukyapi.com\/kivi-diregi\">Kivi Dire\u011fi<\/a><\/h4>\n\t\t\t\t\t<div class=\"sc_services_item_description\">\n\t\t\t\t\t\t<p>G\u00f6vdeleri kendi a\u011f\u0131rl\u0131klar\u0131n\u0131 ta\u015f\u0131yamayan kivi asmalar\u0131na destek olarak bitkinin yerden belli y\u00fckseklikte ta\u00e7land\u0131r\u0131lmas\u0131 sa\u011flan\u0131r.<\/p>\t\t\t\t\t<\/div>\n\t\t\t\t<\/div>\n\t\t\t<\/div>\n\t\t<\/div><div class=\"column-1_3 column_padding_bottom\">\t\t\t<div id=\"sc_services_786304245_2\"\t\t\t\tclass=\"sc_services_item sc_services_item_2 even\"\n\t\t\t\t>\n\t\t\t\t<a href=\"https:\/\/www.tomrukyapi.com\/elma-diregi\/\"><span class=\"sc_icon icon-elmaagaci\"><\/span><\/a>\t\t\t\t<div class=\"sc_services_item_content\">\n\t\t\t\t\t<h4 class=\"sc_services_item_title\"><a href=\"https:\/\/www.tomrukyapi.com\/elma-diregi\/\">Elma Dire\u011fi<\/a><\/h4>\n\t\t\t\t\t<div class=\"sc_services_item_description\">\n\t\t\t\t\t\t<p>A\u011fac\u0131n dik durmas\u0131n\u0131 ve sa\u011fl\u0131kl\u0131 bir \u015fekilde b\u00fcy\u00fcmesini sa\u011flamak i\u00e7in kullan\u0131lan bir destek sistemidir.<\/p>\t\t\t\t\t<\/div>\n\t\t\t\t<\/div>\n\t\t\t<\/div>\n\t\t<\/div><div class=\"column-1_3 column_padding_bottom\">\t\t\t<div id=\"sc_services_786304245_3\"\t\t\t\tclass=\"sc_services_item sc_services_item_3 odd\"\n\t\t\t\t>\n\t\t\t\t<a href=\"https:\/\/www.tomrukyapi.com\/ahsap-bag-kazigi\/\"><span class=\"sc_icon icon-vineyard\"><\/span><\/a>\t\t\t\t<div class=\"sc_services_item_content\">\n\t\t\t\t\t<h4 class=\"sc_services_item_title\"><a href=\"https:\/\/www.tomrukyapi.com\/ahsap-bag-kazigi\/\">Ba\u011f Kaz\u0131\u011f\u0131<\/a><\/h4>\n\t\t\t\t\t<div class=\"sc_services_item_description\">\n\t\t\t\t\t\t<p>\u00dcz\u00fcm asmalar\u0131n\u0131n r\u00fczgardan korunmas\u0131na yard\u0131mc\u0131 olarak asmalar\u0131n sap ve dallar\u0131n\u0131n k\u0131r\u0131lmas\u0131n\u0131 \u00f6nler.<\/p>\t\t\t\t\t<\/div>\n\t\t\t\t<\/div>\n\t\t\t<\/div>\n\t\t<\/div><div class=\"column-1_3 column_padding_bottom\">\t\t\t<div id=\"sc_services_786304245_4\"\t\t\t\tclass=\"sc_services_item sc_services_item_4 even\"\n\t\t\t\t>\n\t\t\t\t<a href=\"https:\/\/www.tomrukyapi.com\/cit-diregi\/\"><span class=\"sc_icon icon-fence\"><\/span><\/a>\t\t\t\t<div class=\"sc_services_item_content\">\n\t\t\t\t\t<h4 class=\"sc_services_item_title\"><a href=\"https:\/\/www.tomrukyapi.com\/cit-diregi\/\">\u00c7it Dire\u011fi<\/a><\/h4>\n\t\t\t\t\t<div class=\"sc_services_item_description\">\n\t\t\t\t\t\t<p>G\u00fc\u00e7l\u00fc ve dayan\u0131kl\u0131 yap\u0131s\u0131yla arazi s\u0131n\u0131rlar\u0131 belirlenerek g\u00fcvenlik sa\u011flan\u0131r.<\/p>\t\t\t\t\t<\/div>\n\t\t\t\t<\/div>\n\t\t\t<\/div>\n\t\t<\/div><div class=\"column-1_3 column_padding_bottom\">\t\t\t<div id=\"sc_services_786304245_5\"\t\t\t\tclass=\"sc_services_item sc_services_item_5 odd\"\n\t\t\t\t>\n\t\t\t\t<a href=\"https:\/\/www.tomrukyapi.com\/fidan-destek-kazigi\/\"><span class=\"sc_icon icon-plant\"><\/span><\/a>\t\t\t\t<div class=\"sc_services_item_content\">\n\t\t\t\t\t<h4 class=\"sc_services_item_title\"><a href=\"https:\/\/www.tomrukyapi.com\/fidan-destek-kazigi\/\">Fidan<\/a><\/h4>\n\t\t\t\t\t<div class=\"sc_services_item_description\">\n\t\t\t\t\t\t<p>Bitkilerin sert do\u011fa ko\u015fullar\u0131na kar\u015f\u0131 dayan\u0131kl\u0131l\u0131\u011f\u0131n\u0131 art\u0131rarak ve hasars\u0131z bir \u015fekilde b\u00fcy\u00fcmelerini sa\u011flayarak maksimum verim\u00a0elde\u00a0edilir.<\/p>\t\t\t\t\t<\/div>\n\t\t\t\t<\/div>\n\t\t\t<\/div>\n\t\t<\/div><\/div><\/div><!-- \/.sc_services --><\/div><!-- \/.sc_services_wrap -->[\/vc_column][\/vc_row][vc_row][vc_column]<div class=\"sc_section\" style=\"margin-top: 8em;\"><div class=\"sc_section_inner\"><h6 class=\"sc_section_subtitle sc_item_subtitle\">Shop<\/h6><h3 class=\"sc_section_title sc_item_title\">Our Products<\/h3><div class=\"sc_section_content_wrap\"><div class=\"woocommerce columns-4 \"><ul class=\"products columns-4\">\n<li class=\"product type-product post-1941 status-publish first instock product_cat-herek-en product_tag-ahsap-herek-en product_tag-ahsap-kazik-en product_tag-bag-kazigi-en product_tag-cit-diregi-en product_tag-herek-en product_tag-kazik-en has-post-thumbnail taxable shipping-taxable purchasable product-type-variable\">\n\t<a href=\"https:\/\/www.tomrukyapi.com\/en\/urun\/wooden-stake-pile-4-5-dia\/\" class=\"woocommerce-LoopProduct-link woocommerce-loop-product__link\"><img loading=\"lazy\" decoding=\"async\" width=\"300\" height=\"250\" src=\"https:\/\/www.tomrukyapi.com\/wp-content\/uploads\/2016\/06\/4.5-300x250.png\" class=\"attachment-woocommerce_thumbnail size-woocommerce_thumbnail\" alt=\"Wooden Stake - Pile \/ 4.5 \u00d8\" title=\"\"><h2 class=\"woocommerce-loop-product__title\">Wooden Stake &#8211; Pile \/ 4.5 \u00d8<\/h2><div class=\"star-rating\" role=\"img\" aria-label=\"Rated 5.00 out of 5\"><span style=\"width:100%\">Rated <strong class=\"rating\">5.00<\/strong> out of 5<\/span><\/div>\n\t<span class=\"price\"><span class=\"woocommerce-Price-amount amount\"><bdi>45.00<span class=\"woocommerce-Price-currencySymbol\">&#8378;<\/span><\/bdi><\/span> <small class=\"woocommerce-price-suffix\">+ KDV<\/small><\/span>\n<\/a><a href=\"https:\/\/www.tomrukyapi.com\/en\/urun\/wooden-stake-pile-4-5-dia\/\" aria-describedby=\"woocommerce_loop_add_to_cart_link_describedby_1941\" data-quantity=\"1\" class=\"button product_type_variable add_to_cart_button\" data-product_id=\"1941\" data-product_sku=\"TYHRK45\" aria-label=\"Select options for &ldquo;Wooden Stake - Pile \/ 4.5 \u00d8&rdquo;\" rel=\"nofollow\">Select options<\/a>\t<span id=\"woocommerce_loop_add_to_cart_link_describedby_1941\" class=\"screen-reader-text\">\n\t\tThis product has multiple variants. The options may be chosen on the product page\t<\/span>\n<\/li>\n<li class=\"product type-product post-1928 status-publish instock product_cat-herek-en product_tag-ahsap-herek-en product_tag-ahsap-kazik-en product_tag-bag-kazigi-en product_tag-cit-diregi-en product_tag-herek-en product_tag-kazik-en has-post-thumbnail taxable shipping-taxable purchasable product-type-variable has-default-attributes\">\n\t<a href=\"https:\/\/www.tomrukyapi.com\/en\/urun\/wooden-stake-pile-5-5-dia\/\" class=\"woocommerce-LoopProduct-link woocommerce-loop-product__link\"><img loading=\"lazy\" decoding=\"async\" width=\"300\" height=\"250\" src=\"https:\/\/www.tomrukyapi.com\/wp-content\/uploads\/2023\/04\/5.5-300x250.webp\" class=\"attachment-woocommerce_thumbnail size-woocommerce_thumbnail\" alt=\"Palletized Wooden Stake\" title=\"\"><h2 class=\"woocommerce-loop-product__title\">Wooden Stake &#8211; Pile \/ 5.5 \u00d8<\/h2>\n\t<span class=\"price\"><span class=\"woocommerce-Price-amount amount\"><bdi>85.00<span class=\"woocommerce-Price-currencySymbol\">&#8378;<\/span><\/bdi><\/span> <small class=\"woocommerce-price-suffix\">+ KDV<\/small><\/span>\n<\/a><a href=\"https:\/\/www.tomrukyapi.com\/en\/urun\/wooden-stake-pile-5-5-dia\/\" aria-describedby=\"woocommerce_loop_add_to_cart_link_describedby_1928\" data-quantity=\"1\" class=\"button product_type_variable add_to_cart_button\" data-product_id=\"1928\" data-product_sku=\"TYHRK55\" aria-label=\"Select options for &ldquo;Wooden Stake - Pile \/ 5.5 \u00d8&rdquo;\" rel=\"nofollow\">Select options<\/a>\t<span id=\"woocommerce_loop_add_to_cart_link_describedby_1928\" class=\"screen-reader-text\">\n\t\tThis product has multiple variants. The options may be chosen on the product page\t<\/span>\n<\/li>\n<li class=\"product type-product post-1925 status-publish instock product_cat-herek-en product_tag-ahsap-herek-en product_tag-ahsap-kazik-en product_tag-bag-kazigi-en product_tag-cit-diregi-en product_tag-herek-en product_tag-kazik-en has-post-thumbnail taxable shipping-taxable purchasable product-type-variable\">\n\t<a href=\"https:\/\/www.tomrukyapi.com\/en\/urun\/wooden-stake-pile-6-dia\/\" class=\"woocommerce-LoopProduct-link woocommerce-loop-product__link\"><img loading=\"lazy\" decoding=\"async\" width=\"300\" height=\"250\" src=\"https:\/\/www.tomrukyapi.com\/wp-content\/uploads\/2023\/04\/6-1-300x250.webp\" class=\"attachment-woocommerce_thumbnail size-woocommerce_thumbnail\" alt=\"Pair of two wooden piles or stakes standing on top of each other\" title=\"\"><h2 class=\"woocommerce-loop-product__title\">Wooden Stake &#8211; Pile \/ 6 \u00d8<\/h2>\n\t<span class=\"price\"><span class=\"woocommerce-Price-amount amount\"><bdi>195.00<span class=\"woocommerce-Price-currencySymbol\">&#8378;<\/span><\/bdi><\/span> <small class=\"woocommerce-price-suffix\">+ KDV<\/small><\/span>\n<\/a><a href=\"https:\/\/www.tomrukyapi.com\/en\/urun\/wooden-stake-pile-6-dia\/\" aria-describedby=\"woocommerce_loop_add_to_cart_link_describedby_1925\" data-quantity=\"1\" class=\"button product_type_variable add_to_cart_button\" data-product_id=\"1925\" data-product_sku=\"TYHRK6\" aria-label=\"Select options for &ldquo;Wooden Stake - Pile \/ 6 \u00d8&rdquo;\" rel=\"nofollow\">Select options<\/a>\t<span id=\"woocommerce_loop_add_to_cart_link_describedby_1925\" class=\"screen-reader-text\">\n\t\tThis product has multiple variants. The options may be chosen on the product page\t<\/span>\n<\/li>\n<li class=\"product type-product post-1889 status-publish last instock product_cat-herek-en product_tag-ahsap-herek-en product_tag-ahsap-kazik-en product_tag-bag-kazigi-en product_tag-cit-diregi-en product_tag-herek-en product_tag-kazik-en has-post-thumbnail taxable shipping-taxable purchasable product-type-variable\">\n\t<a href=\"https:\/\/www.tomrukyapi.com\/en\/urun\/wooden-stake-pile-8-dia\/\" class=\"woocommerce-LoopProduct-link woocommerce-loop-product__link\"><img loading=\"lazy\" decoding=\"async\" width=\"300\" height=\"250\" src=\"https:\/\/www.tomrukyapi.com\/wp-content\/uploads\/2023\/04\/8-300x250.webp\" class=\"attachment-woocommerce_thumbnail size-woocommerce_thumbnail\" alt=\"3 wooden stakes bottom to bottom\" title=\"\"><h2 class=\"woocommerce-loop-product__title\">Wooden Stake &#8211; Pile \/ 8 \u00d8<\/h2>\n\t<span class=\"price\"><span class=\"woocommerce-Price-amount amount\"><bdi>140.00<span class=\"woocommerce-Price-currencySymbol\">&#8378;<\/span><\/bdi><\/span> <small class=\"woocommerce-price-suffix\">+ KDV<\/small><\/span>\n<\/a><a href=\"https:\/\/www.tomrukyapi.com\/en\/urun\/wooden-stake-pile-8-dia\/\" aria-describedby=\"woocommerce_loop_add_to_cart_link_describedby_1889\" data-quantity=\"1\" class=\"button product_type_variable add_to_cart_button\" data-product_id=\"1889\" data-product_sku=\"TYHRK8\" aria-label=\"Select options for &ldquo;Wooden Stake - Pile \/ 8 \u00d8&rdquo;\" rel=\"nofollow\">Select options<\/a>\t<span id=\"woocommerce_loop_add_to_cart_link_describedby_1889\" class=\"screen-reader-text\">\n\t\tThis product has multiple variants. The options may be chosen on the product page\t<\/span>\n<\/li>\n<\/ul>\n<\/div><\/div><\/div><\/div>[\/vc_column][\/vc_row]<\/p>\n<\/div>","protected":false},"excerpt":{"rendered":"<p>[vc_row][vc_column css=&#8221;.vc_custom_1685548741209{margin-top: 1em !important;}&#8221;][\/vc_column][\/vc_row][vc_row][vc_column css=&#8221;.vc_custom_1682776174856{margin-top: 6em !important;}&#8221;][\/vc_column][\/vc_row][vc_row css=&#8221;.vc_custom_1683539606726{background-color: #b18857 !important;}&#8221;][vc_column width=&#8221;1\/3&#8243;][vc_empty_space height=&#8221;72px&#8221;][vc_column_text] Resilience In addition to the durability of wood, our impregnated product is resistant to all kinds of external [&hellip;]<\/p>\n","protected":false},"author":1,"featured_media":0,"parent":0,"menu_order":0,"comment_status":"closed","ping_status":"closed","template":"","meta":{"_joinchat":[],"footnotes":"","_links_to":"","_links_to_target":""},"class_list":["post-1887","page","type-page","status-publish","hentry"],"_links":{"self":[{"href":"https:\/\/www.tomrukyapi.com\/en\/wp-json\/wp\/v2\/pages\/1887"}],"collection":[{"href":"https:\/\/www.tomrukyapi.com\/en\/wp-json\/wp\/v2\/pages"}],"about":[{"href":"https:\/\/www.tomrukyapi.com\/en\/wp-json\/wp\/v2\/types\/page"}],"author":[{"embeddable":true,"href":"https:\/\/www.tomrukyapi.com\/en\/wp-json\/wp\/v2\/users\/1"}],"replies":[{"embeddable":true,"href":"https:\/\/www.tomrukyapi.com\/en\/wp-json\/wp\/v2\/comments?post=1887"}],"version-history":[{"count":0,"href":"https:\/\/www.tomrukyapi.com\/en\/wp-json\/wp\/v2\/pages\/1887\/revisions"}],"wp:attachment":[{"href":"https:\/\/www.tomrukyapi.com\/en\/wp-json\/wp\/v2\/media?parent=1887"}],"curies":[{"name":"wp","href":"https:\/\/api.w.org\/{rel}","templated":true}]}}