
{"id":1938,"date":"2016-06-29T07:44:38","date_gmt":"2016-06-29T04:44:38","guid":{"rendered":"https:\/\/www.tomrukyapi.com\/hakkimizda\/"},"modified":"2023-05-31T18:41:31","modified_gmt":"2023-05-31T15:41:31","slug":"about-us","status":"publish","type":"page","link":"https:\/\/www.tomrukyapi.com\/en\/about-us\/","title":{"rendered":"About Us"},"content":{"rendered":"<div class=\"wpb-content-wrapper\"><p>[vc_row][vc_column offset=&#8221;vc_hidden-xs&#8221;]<div class=\"sc_section dragtimeline margin_bottom_huge\" style=\"padding: 0 1.25em;margin-top: 5em;\"><div class=\"sc_section_inner\"><h6 class=\"sc_section_subtitle sc_item_subtitle\">travel to the past<\/h6><h3 class=\"sc_section_title sc_item_title\">Our Story<\/h3><div class=\"sc_section_content_wrap\"><div class=\"columns_wrap sc_columns columns_nofluid sc_columns_count_5\" style=\"border: 2px solid #504037; padding-bottom: 5em;margin-right: 0;\"><div class=\"column-3_5 sc_column_item sc_column_item_1 odd first span_3\" style=\"padding-left: 10em;\"><div class=\"cq-draggable-container \" data-draggingbarbgcolor=\"#b18857\" data-defaultbarbgcolor=\"#f0eddf\" data-avatarstyle=\"icon\" data-activeiconcolor=\"#b18857\" data-autoplay=\"no\" data-autoplayspeed=\"\" data-labelcolor=\"#504037\" data-dragbuttonwidth=\"\" data-contaienrwidth=\"\"><div class=\"cq-draggable-slider\"><div class=\"cq-draggable-stripe\"><div class=\"cq-draggable-handle\"><div class=\"cq-infobox gray\"><div class=\"cq-titlecontainer\"><div class=\"cq-titlebar\">1972<\/div><div class=\"cq-titlebar\">2013<\/div><div class=\"cq-titlebar\">2017<\/div><div class=\"cq-titlebar\">2018<\/div><div class=\"cq-titlebar\">2023<\/div><\/div><div class=\"cq-innerbox\"><div class=\"cq-carouselcontainer\"><div class=\"cq-carouselcontent\">\n<p>We grow the ancestral profession of carpentry with the experience, love, respect and professional upbringing we have received from the past. We strive to do better than what we have been taught.<\/p>\n<\/div><div class=\"cq-carouselcontent\">\n<p>We started our activities as KUR-SA GROUP in Istanbul and neighboring cities. We have realized dozens of large and small projects and increased our experience in landscaping.<\/p>\n<\/div><div class=\"cq-carouselcontent\">\n<p>We started our activities to take on an institutional structure. During this period, we continued our production in the field of urban furniture and started to make a name for ourselves in landscaping projects and applications.<\/p>\n<\/div><div class=\"cq-carouselcontent\">\n<p>We continued our commercial adventure rapidly by rebranding as Tomruk Yap\u0131. We continued our activities in the field of wooden houses. We created our own nursery and started selling stakes for gardening and landscaping areas.<\/p>\n<\/div><div class=\"cq-carouselcontent\">\n<p>Our goal is to produce value-added projects for the country without ever giving up our principle of quality workmanship. With the motto &#8220;Cesur \u00c7izgiler&#8221;, we strive to capture today&#8217;s modern lines by using technology in the most efficient way.<\/p>\n<p><\/div><\/div><\/div><\/div><\/div><\/div><div class=\"cq-barcontainer\"><div class=\"cq-highlight-container icon\"><div class=\"cq-highlight round\" data-iconbgcolors=\"#b18857\"><span class=\"fa fa-1x icon-7\"><\/span><\/div><span class=\"cq-highlight-label\">1972<\/span><\/div><div class=\"cq-highlight-container icon\"><div class=\"cq-highlight round\" data-iconbgcolors=\"#b18857\"><span class=\"fa fa-1x icon-8\"><\/span><\/div><span class=\"cq-highlight-label\">2013<\/span><\/div><div class=\"cq-highlight-container icon\"><div class=\"cq-highlight round\" data-iconbgcolors=\"#b18857\"><span class=\"fa fa-1x icon-9\"><\/span><\/div><span class=\"cq-highlight-label\">2017<\/span><\/div><div class=\"cq-highlight-container icon\"><div class=\"cq-highlight round\" data-iconbgcolors=\"#b18857\"><span class=\"fa fa-1x icon-10\"><\/span><\/div><span class=\"cq-highlight-label\">2018<\/span><\/div><div class=\"cq-highlight-container icon\"><div class=\"cq-highlight round\" data-iconbgcolors=\"#b18857\"><span class=\"fa fa-1x icon-1\"><\/span><\/div><span class=\"cq-highlight-label\">2023<\/span><\/div><\/div><\/div><\/div><\/div><div class=\"column-2_5 sc_column_item sc_column_item_4 even span_2 after_span_3\" style=\"padding: 2em 0 0;\"><figure class=\"sc_image  sc_image_shape_square\" style=\"max-width: 462px; margin: 0 auto;\"><img decoding=\"async\" src=\"https:\/\/www.tomrukyapi.com\/wp-content\/uploads\/2016\/06\/home_img2.png\" alt=\"\" title=\"\"><\/figure><\/div><\/div><\/div><\/div><\/div>[\/vc_column][\/vc_row][vc_row full_width=&#8221;stretch_row&#8221; parallax=&#8221;content-moving&#8221; parallax_image=&#8221;1346&#8243; inverse=&#8221;&#8221; el_class=&#8221;bring&#8221;][vc_column]<div class=\"sc_content content_wrap\" style=\"margin: 12.5em 0 11em;\"><h2 class=\"sc_title sc_title_regular sc_align_center\" style=\"text-align:center;color:#e9e4d0;\">You can contact us at<br \/>\nfor your questions, requests and suggestions!<\/h2><a href=\"https:\/\/api.whatsapp.com\/send?phone=902169989988\" class=\"sc_button sc_button_square sc_button_style_filled sc_button_size_medium aligncenter\" style=\"width:90px;\" target=\"_blank\" rel=\"noopener\">Whatsapp<\/a><\/div>[\/vc_column][\/vc_row][vc_row full_width=&#8221;stretch_row&#8221; css=&#8221;.vc_custom_1467979824033{background-color: #f0eddf !important;}&#8221;][vc_column]<div class=\"sc_section sc_section_block \" style=\"margin-top: 12em;\"><div class=\"sc_section_inner\"><h6 class=\"sc_section_subtitle sc_item_subtitle\">Sundu\u011fumuz<\/h6><h3 class=\"sc_section_title sc_item_title\">Services<\/h3><div class=\"sc_section_content_wrap\"><div id=\"sc_call_to_action_1963818137\" class=\"sc_call_to_action sc_call_to_action_accented sc_call_to_action_style_1 sc_call_to_action_align_right\" style=\"width:100%;\"><div class=\"sc_call_to_action_info\"><h6 class=\"sc_call_to_action_subtitle sc_item_subtitle\">It is only valid for orders over 5,000$.<\/h6><h3 class=\"sc_call_to_action_title sc_item_title\">Discounted Prices for Wholesale Purchases<\/h3><div class=\"sc_call_to_action_descr sc_item_descr\">If you need bulk products in vineyards, parks and land conversions, you can contact us.<\/div><div class=\"sc_call_to_action_buttons sc_item_buttons\"><div class=\"sc_call_to_action_button sc_item_button\"><a href=\"\/iletisim\" class=\"sc_button sc_button_square sc_button_style_filled sc_button_size_medium\">Contact Us<\/a><\/div><div class=\"sc_call_to_action_button sc_item_button\"><a href=\"https:\/\/api.whatsapp.com\/send?phone=902169989988\" class=\"sc_button sc_button_square sc_button_style_filled sc_button_size_medium\" target=\"_blank\" rel=\"noopener\">Whatsapp<\/a><\/div><\/div><\/div><\/div><div id=\"sc_services_490616431_wrap\" class=\"sc_services_wrap\"><div id=\"sc_services_490616431\" class=\"sc_services sc_services_style_services-2 sc_services_type_icons  margin_bottom_large\" style=\"margin-top: 8em;width:100%;\"><div class=\"sc_slider_swiper swiper-slider-container sc_slider_nopagination sc_slider_nocontrols\" data-interval=\"3000\" data-slides-per-view=\"3\" data-slides-min-width=\"250\"><div class=\"slides swiper-wrapper\"><div class=\"swiper-slide\" data-style=\"width:100%;\" style=\"width:100%;\"><div class=\"sc_services_item_wrap\">\t\t\t<div id=\"sc_services_490616431_1\"\t\t\t\tclass=\"sc_services_item sc_services_item_1 odd first\"\n\t\t\t\t>\n\t\t\t\t<a href=\"https:\/\/www.tomrukyapi.com\/ahsap-cop-kovasi\/\"><span class=\"sc_icon icon-copkutusu\"><\/span><\/a>\t\t\t\t<div class=\"sc_services_item_content\">\n\t\t\t\t\t<h4 class=\"sc_services_item_title\"><a href=\"https:\/\/www.tomrukyapi.com\/ahsap-cop-kovasi\/\">Wooden Trash Bin<\/a><\/h4>\n\t\t\t\t\t<div class=\"sc_services_item_description\">\n\t\t\t\t\t\t<p>They are environmentally friendly waste storage solutions made from sustainable material, wood.<\/p>\t\t\t\t\t<\/div>\n\t\t\t\t<\/div>\n\t\t\t<\/div>\n\t\t<\/div><\/div><div class=\"swiper-slide\" data-style=\"width:100%;\" style=\"width:100%;\"><div class=\"sc_services_item_wrap\">\t\t\t<div id=\"sc_services_490616431_2\"\t\t\t\tclass=\"sc_services_item sc_services_item_2 even\"\n\t\t\t\t>\n\t\t\t\t<a href=\"https:\/\/www.tomrukyapi.com\/ahsap-kamelya-cardak\/\"><span class=\"sc_icon icon-cardakicon\"><\/span><\/a>\t\t\t\t<div class=\"sc_services_item_content\">\n\t\t\t\t\t<h4 class=\"sc_services_item_title\"><a href=\"https:\/\/www.tomrukyapi.com\/ahsap-kamelya-cardak\/\">Pergola<\/a><\/h4>\n\t\t\t\t\t<div class=\"sc_services_item_description\">\n\t\t\t\t\t\t<p>They are beautiful and functional outdoor seating areas that provide an aesthetic appearance.<\/p>\t\t\t\t\t<\/div>\n\t\t\t\t<\/div>\n\t\t\t<\/div>\n\t\t<\/div><\/div><div class=\"swiper-slide\" data-style=\"width:100%;\" style=\"width:100%;\"><div class=\"sc_services_item_wrap\">\t\t\t<div id=\"sc_services_490616431_3\"\t\t\t\tclass=\"sc_services_item sc_services_item_3 odd\"\n\t\t\t\t>\n\t\t\t\t<a href=\"https:\/\/www.tomrukyapi.com\/ahsap-bank\/\"><span class=\"sc_icon icon-bank\"><\/span><\/a>\t\t\t\t<div class=\"sc_services_item_content\">\n\t\t\t\t\t<h4 class=\"sc_services_item_title\"><a href=\"https:\/\/www.tomrukyapi.com\/ahsap-bank\/\">Wooden Bench<\/a><\/h4>\n\t\t\t\t\t<div class=\"sc_services_item_description\">\n\t\t\t\t\t\t<p>They are comfortable and durable seating areas frequently used in resting areas.<\/p>\t\t\t\t\t<\/div>\n\t\t\t\t<\/div>\n\t\t\t<\/div>\n\t\t<\/div><\/div><div class=\"swiper-slide\" data-style=\"width:100%;\" style=\"width:100%;\"><div class=\"sc_services_item_wrap\">\t\t\t<div id=\"sc_services_490616431_4\"\t\t\t\tclass=\"sc_services_item sc_services_item_4 even\"\n\t\t\t\t>\n\t\t\t\t<a href=\"https:\/\/www.tomrukyapi.com\/herek\/\"><span class=\"sc_icon icon-herekicon\"><\/span><\/a>\t\t\t\t<div class=\"sc_services_item_content\">\n\t\t\t\t\t<h4 class=\"sc_services_item_title\"><a href=\"https:\/\/www.tomrukyapi.com\/herek\/\">Stake &#8211; Pile<\/a><\/h4>\n\t\t\t\t\t<div class=\"sc_services_item_description\">\n\t\t\t\t\t\t<p>It is a natural and durable wooden building material used in trees, vineyards, and fences.<\/p>\t\t\t\t\t<\/div>\n\t\t\t\t<\/div>\n\t\t\t<\/div>\n\t\t<\/div><\/div><\/div><div class=\"sc_slider_controls_wrap\"><a class=\"sc_slider_prev\" href=\"#\"><\/a><a class=\"sc_slider_next\" href=\"#\"><\/a><\/div><div class=\"sc_slider_pagination_wrap\"><\/div><\/div><\/div><!-- \/.sc_services --><\/div><!-- \/.sc_services_wrap --><\/div><\/div><\/div>[\/vc_column][\/vc_row][vc_row inverse=&#8221;&#8221;][vc_column]<div id=\"sc_clients_1430634334_wrap\" class=\"sc_clients_wrap\"><div id=\"sc_clients_1430634334\" class=\"sc_clients sc_clients_style_clients-1 \" style=\"margin-top: 10.5em; margin-bottom: 5em;width:100%;\"><h6 class=\"sc_clients_subtitle sc_item_subtitle\">OUR<\/h6><h3 class=\"sc_clients_title sc_item_title\">PARTNERS<\/h3><div class=\"sc_slider_swiper swiper-slider-container sc_slider_nopagination sc_slider_nocontrols sc_slider_height_auto\" data-interval=\"4000\" data-slides-per-view=\"6\" data-slides-min-width=\"100\"><div class=\"slides swiper-wrapper\"><div class=\"swiper-slide\" data-style=\"width:100%;\" style=\"width:100%;\">\t\t\t<div id=\"sc_clients_1430634334_1\" class=\"sc_clients_item sc_clients_item_1 odd first\">\n\t\t\t\t\t\t\t\t<div class=\"sc_client_image\"><img decoding=\"async\" class=\"wp-post-image\" alt=\"Pendik Belediyesi\" src=\"https:\/\/www.tomrukyapi.com\/wp-content\/uploads\/2016\/06\/pendiklogo.png\" title=\"\"><\/div>\n\t\t\t\t\t\t\t<\/div>\n\t\t<\/div><div class=\"swiper-slide\" data-style=\"width:100%;\" style=\"width:100%;\">\t\t\t<div id=\"sc_clients_1430634334_2\" class=\"sc_clients_item sc_clients_item_2 even\">\n\t\t\t\t\t\t\t\t<div class=\"sc_client_image\"><img decoding=\"async\" class=\"wp-post-image\" alt=\"Caeli Winery\" src=\"https:\/\/www.tomrukyapi.com\/wp-content\/uploads\/2016\/06\/caelilogo.png\" title=\"\"><\/div>\n\t\t\t\t\t\t\t<\/div>\n\t\t<\/div><div class=\"swiper-slide\" data-style=\"width:100%;\" style=\"width:100%;\">\t\t\t<div id=\"sc_clients_1430634334_3\" class=\"sc_clients_item sc_clients_item_3 odd\">\n\t\t\t\t\t\t\t\t<div class=\"sc_client_image\"><img decoding=\"async\" class=\"wp-post-image\" alt=\"\u0130stanbul B\u00fcy\u00fck\u015fehir Belediyesi\" src=\"https:\/\/www.tomrukyapi.com\/wp-content\/uploads\/2016\/06\/ibblogo.png\" title=\"\"><\/div>\n\t\t\t\t\t\t\t<\/div>\n\t\t<\/div><div class=\"swiper-slide\" data-style=\"width:100%;\" style=\"width:100%;\">\t\t\t<div id=\"sc_clients_1430634334_4\" class=\"sc_clients_item sc_clients_item_4 even\">\n\t\t\t\t\t\t\t\t<div class=\"sc_client_image\"><img decoding=\"async\" class=\"wp-post-image\" alt=\"Antalya B\u00fcy\u00fck\u015fehir Belediyesi\" src=\"https:\/\/www.tomrukyapi.com\/wp-content\/uploads\/2016\/06\/antalyalogo.png\" title=\"\"><\/div>\n\t\t\t\t\t\t\t<\/div>\n\t\t<\/div><div class=\"swiper-slide\" data-style=\"width:100%;\" style=\"width:100%;\">\t\t\t<div id=\"sc_clients_1430634334_5\" class=\"sc_clients_item sc_clients_item_5 odd\">\n\t\t\t\t\t\t\t\t<div class=\"sc_client_image\"><img decoding=\"async\" class=\"wp-post-image\" alt=\"Erzurum B\u00fcy\u00fck\u015fehir Belediyesi\" src=\"https:\/\/www.tomrukyapi.com\/wp-content\/uploads\/2016\/06\/erzurumbblogo.png\" title=\"\"><\/div>\n\t\t\t\t\t\t\t<\/div>\n\t\t<\/div><div class=\"swiper-slide\" data-style=\"width:100%;\" style=\"width:100%;\">\t\t\t<div id=\"sc_clients_1430634334_6\" class=\"sc_clients_item sc_clients_item_6 even\">\n\t\t\t\t\t\t\t\t<div class=\"sc_client_image\"><img decoding=\"async\" class=\"wp-post-image\" alt=\"Yap\u0131&#038;Yap\u0131\" src=\"https:\/\/www.tomrukyapi.com\/wp-content\/uploads\/2016\/06\/yapiyapi.png\" title=\"\"><\/div>\n\t\t\t\t\t\t\t<\/div>\n\t\t<\/div><\/div><div class=\"sc_slider_controls_wrap\"><a class=\"sc_slider_prev\" href=\"#\"><\/a><a class=\"sc_slider_next\" href=\"#\"><\/a><\/div><div class=\"sc_slider_pagination_wrap\"><\/div><\/div><\/div><!-- \/.sc_clients --><\/div><!-- \/.sc_clients_wrap -->[\/vc_column][\/vc_row]<\/p>\n<\/div>","protected":false},"excerpt":{"rendered":"<p>[vc_row][vc_column offset=&#8221;vc_hidden-xs&#8221;][\/vc_column][\/vc_row][vc_row full_width=&#8221;stretch_row&#8221; parallax=&#8221;content-moving&#8221; parallax_image=&#8221;1346&#8243; inverse=&#8221;&#8221; el_class=&#8221;bring&#8221;][vc_column][\/vc_column][\/vc_row][vc_row full_width=&#8221;stretch_row&#8221; css=&#8221;.vc_custom_1467979824033{background-color: #f0eddf !important;}&#8221;][vc_column][\/vc_column][\/vc_row][vc_row inverse=&#8221;&#8221;][vc_column][\/vc_column][\/vc_row]<\/p>\n","protected":false},"author":1,"featured_media":0,"parent":0,"menu_order":0,"comment_status":"closed","ping_status":"closed","template":"","meta":{"_joinchat":[],"footnotes":"","_links_to":"","_links_to_target":""},"class_list":["post-1938","page","type-page","status-publish","hentry"],"_links":{"self":[{"href":"https:\/\/www.tomrukyapi.com\/en\/wp-json\/wp\/v2\/pages\/1938"}],"collection":[{"href":"https:\/\/www.tomrukyapi.com\/en\/wp-json\/wp\/v2\/pages"}],"about":[{"href":"https:\/\/www.tomrukyapi.com\/en\/wp-json\/wp\/v2\/types\/page"}],"author":[{"embeddable":true,"href":"https:\/\/www.tomrukyapi.com\/en\/wp-json\/wp\/v2\/users\/1"}],"replies":[{"embeddable":true,"href":"https:\/\/www.tomrukyapi.com\/en\/wp-json\/wp\/v2\/comments?post=1938"}],"version-history":[{"count":0,"href":"https:\/\/www.tomrukyapi.com\/en\/wp-json\/wp\/v2\/pages\/1938\/revisions"}],"wp:attachment":[{"href":"https:\/\/www.tomrukyapi.com\/en\/wp-json\/wp\/v2\/media?parent=1938"}],"curies":[{"name":"wp","href":"https:\/\/api.w.org\/{rel}","templated":true}]}}